{"id":29058,"date":"2022-12-20T13:16:38","date_gmt":"2022-12-20T12:16:38","guid":{"rendered":"https:\/\/mysmileadvise.com\/?page_id=29058"},"modified":"2024-10-04T16:25:45","modified_gmt":"2024-10-04T14:25:45","slug":"mentions-legales","status":"publish","type":"page","link":"https:\/\/mysmileadvise.com\/de\/impressum\/","title":{"rendered":"mentions l\u00e9gales"},"content":{"rendered":"<p><style>\/*! elementor - v3.9.0 - 06-12-2022 *\/<br \/>\n.elementor-heading-title{padding:0;margin:0;line-height:1}.elementor-widget-heading .elementor-heading-title[class*=elementor-size-]>a{color:inherit;font-size:inherit;line-height:inherit}.elementor-widget-heading .elementor-heading-title.elementor-size-small{font-size:15px}.elementor-widget-heading .elementor-heading-title.elementor-size-medium{font-size:19px}.elementor-widget-heading .elementor-heading-title.elementor-size-large{font-size:29px}.elementor-widget-heading .elementor-heading-title.elementor-size-xl{font-size:39px}.elementor-widget-heading .elementor-heading-title.elementor-size-xxl{font-size:59px}<\/style><\/p>\n<h1>Impressum<\/h1>\n<p>Die vorliegenden Allgemeinen Nutzungsbedingungen haben den Zweck, die Nutzung der Dienste der Website MySmileAdvise.com (im Folgenden als \u201edie Website\u201c bezeichnet) sowie die rechtlichen Beziehungen zwischen den Nutzern der Website und der Website MySmileAdvise.com zu definieren und zu regeln. Diese Allgemeinen Nutzungsbedingungen werden den Internetnutzern von MySmileAdvise.com zur Verf\u00fcgung gestellt. Der Zugang zur Website MySmileAdvise.com, ihre Konsultation und Nutzung unterliegen der vorbehaltlosen Annahme der vorliegenden Allgemeinen Nutzungsbedingungen. Das Unternehmen beh\u00e4lt sich das Recht vor, diese Nutzungsbedingungen jederzeit und ohne Vorank\u00fcndigung frei zu \u00e4ndern, um sie an die Entwicklungen der Website und\/oder ihres Betriebs anzupassen.<\/p>\n<p>Definitionen<\/p>\n<p>Die unten aufgef\u00fchrten Begriffe haben folgende Definitionen<\/p>\n<ul>\n<li class=\" translation-block\">\"Dienste\": bezeichnet die von der Gesellschaft auf ihrer Website angebotenen Dienste.<\/li>\n<li class=\" translation-block\">\"Website\": bezeichnet die Website MySmileAdvise.com.<\/li>\n<li class=\" translation-block\">\"Unternehmen\": bezeichnet das Unternehmen, das die Website MySmileAdvise.com herausgibt.<\/li>\n<li class=\" translation-block\">\"Nutzer\": bezeichnet jede nat\u00fcrliche oder juristische Person, die auf die Website MySmileAdvise.com im Rahmen einer privaten oder beruflichen Nutzung zugreift.<\/li>\n<\/ul>\n<p>Anwendungsbereich<\/p>\n<p>Diese Allgemeinen Gesch\u00e4ftsbedingungen sollen die Allgemeinen Nutzungsbedingungen der Website und der angebotenen Dienstleistungen f\u00fcr die Nutzer definieren und regeln. Der Zugang zur Website und die Nutzung ihrer Dienste setzen die Annahme der geltenden Allgemeinen Nutzungsbedingungen voraus, was die uneingeschr\u00e4nkte Annahme dieser Bedingungen durch den Nutzer bedeutet. Bevor der Nutzer die Website besucht, muss er daher die geltenden Allgemeinen Nutzungsbedingungen zur Kenntnis nehmen. Wir informieren den Nutzer, dass MySmileAdvise.com diese Allgemeinen Nutzungsbedingungen jederzeit \u00e4ndern kann. Folglich gelten die Bedingungen, die zum Zeitpunkt des Zugriffs des Nutzers auf die Website in Kraft sind und auf der Website verf\u00fcgbar sind. Wir empfehlen dem Nutzer daher, die Allgemeinen Nutzungsbedingungen der Website regelm\u00e4\u00dfig zu \u00fcberpr\u00fcfen. Diese Allgemeinen Nutzungsbedingungen unterliegen dem franz\u00f6sischen Recht, unabh\u00e4ngig vom Nutzungsort. Im Falle eines Streits und nach dem Scheitern aller Bem\u00fchungen, eine g\u00fctliche L\u00f6sung zu finden, sind ausschlie\u00dflich die franz\u00f6sischen Gerichte zust\u00e4ndig.<\/p>\n<p>Verf\u00fcgbare Dienste<\/p>\n<p>Die Website MySmileAdvise.com erm\u00f6glicht es den Nutzern, Ratschl\u00e4ge zur Zahn\u00e4sthetik zu erhalten und sich besser \u00fcber die verschiedenen verf\u00fcgbaren Ger\u00e4te zu informieren. MySmileAdvise.com bietet keine medizinische Beratung an und fordert seine Nutzer nachdr\u00fccklich auf, bei Fragen zu ihrem Gebiss einen Zahnarzt oder Kieferorthop\u00e4den zu konsultieren.<\/p>\n<p>Zugangsbedingungen und Verf\u00fcgbarkeit der Dienste<\/p>\n<p>Die Website MySmileAdvise.com und ihre Dienste sind f\u00fcr alle Nutzer \u00fcber eine Internetverbindung frei zug\u00e4nglich. MySmileAdvise.com setzt alles daran, den Zugang zur Website und ihren Diensten rund um die Uhr, sieben Tage die Woche zu erm\u00f6glichen, au\u00dfer im Falle h\u00f6herer Gewalt oder eines Ereignisses, das au\u00dferhalb der Kontrolle des Unternehmens liegt, sowie unter Vorbehalt von etwaigen Ausf\u00e4llen und Wartungsarbeiten, die f\u00fcr den ordnungsgem\u00e4\u00dfen Betrieb der Website und der Dienste erforderlich sind. Daher kann das Unternehmen keine Verf\u00fcgbarkeit der Website und\/oder der Dienste, eine Zuverl\u00e4ssigkeit der \u00dcbertragungen oder eine Leistung in Bezug auf Reaktionszeit oder Qualit\u00e4t garantieren. Es ist keine technische Unterst\u00fctzung f\u00fcr den Benutzer vorgesehen, weder elektronisch noch telefonisch. Die Haftung des Herausgebers von MySmileAdvise.com kann nicht geltend gemacht werden, wenn der Zugang zu dieser Website und\/oder die Nutzung der Dienste nicht m\u00f6glich ist. Dar\u00fcber hinaus kann MySmileAdvise.com die Website oder Teile der Dienste jederzeit und ohne Vorank\u00fcndigung unterbrechen, ohne Anspruch auf Entsch\u00e4digung. Der Nutzer erkennt an und akzeptiert, dass MySmileAdvise.com nicht f\u00fcr Unterbrechungen und deren Folgen f\u00fcr den Nutzer oder Dritte verantwortlich ist.<\/p>\n<p>Verantwortung des Nutzers<\/p>\n<p>Der Nutzer verpflichtet sich, auf die Website und ihre Dienste in angemessener Weise zuzugreifen und diese zu nutzen, in \u00dcbereinstimmung mit den geltenden Gesetzen, Vorschriften und den Allgemeinen Nutzungsbedingungen. Folglich darf der Nutzer in keinem Fall... <strong>:<\/strong><\/p>\n<ul>\n<li>Die Website und ihre Dienste in unrechtm\u00e4\u00dfiger Weise nutzen, gegen geltende Vorschriften und Regeln versto\u00dfen und im Allgemeinen die Interessen, den Ruf oder das Ansehen von MySmileAdvise.com beeintr\u00e4chtigen.<\/li>\n<li>Ger\u00e4te oder Software verwenden, die das ordnungsgem\u00e4\u00dfe Funktionieren der Website und ihrer Dienste beeintr\u00e4chtigen k\u00f6nnten, oder die Datenbank der Website und deren Inhalt ganz oder teilweise extrahieren, duplizieren oder modifizieren.<\/li>\n<li>Auf die Website und ihre Dienste zu illegalen Zwecken zugreifen, die dem Ruf und dem Ansehen der Website und des Unternehmens schaden k\u00f6nnten. Es ist daher verboten, jegliche Art von Inhalten zu verbreiten oder zu senden, die Nutzer schockieren oder verletzen k\u00f6nnten oder die Rechte Dritter und geistige Eigentumsrechte verletzen.<\/li>\n<li>Die gesamte oder teilweise Website f\u00fcr kommerzielle und\/oder private Zwecke illegal wiederverwenden oder reproduzieren, im Widerspruch zum Gesetz \u00fcber geistiges Eigentum.<\/li>\n<li>Die Kontaktdaten von Nutzern und Partnern zu kommerziellen Zwecken verwenden.<\/li>\n<\/ul>\n<p>Sollte eine unsachgem\u00e4\u00dfe Nutzung der Website durch den Nutzer nachgewiesen werden, h\u00e4tte MySmileAdvise.com die M\u00f6glichkeit, ihm den vollst\u00e4ndigen oder teilweisen Zugang zur Website ohne vorherige Benachrichtigung zu verweigern.<\/p>\n<p>Garantie von MySmileAdvise.com<\/p>\n<p>MySmileAdvise.com bietet Ratschl\u00e4ge und Techniken zur Zahn\u00e4sthetik. Die Website gibt keine medizinischen Ratschl\u00e4ge und empfiehlt den Nutzern der Website dringend, bei Fragen einen Zahnarzt oder Kieferorthop\u00e4den zu konsultieren. Die Informationen und\/oder Dokumente auf der Website stammen aus Quellen, die als zuverl\u00e4ssig gelten. Einige Informationen und\/oder Dokumente k\u00f6nnen jedoch technische Ungenauigkeiten und Tippfehler enthalten. Daher wird dringend empfohlen, die Genauigkeit und Relevanz der auf der Website bereitgestellten Informationen und\/oder Dokumente zu \u00fcberpr\u00fcfen. Die auf der Website verf\u00fcgbaren Informationen und\/oder Dokumente k\u00f6nnen jederzeit ge\u00e4ndert worden sein und k\u00f6nnen aktualisiert worden sein. Insbesondere k\u00f6nnen sie zwischen dem Zeitpunkt ihres Downloads und dem Zeitpunkt, zu dem der Benutzer sie liest, aktualisiert worden sein. MySmileAdvise.com \u00fcbernimmt daher keine Verantwortung f\u00fcr den Inhalt der auf der Website ver\u00f6ffentlichten und verbreiteten Informationen und\/oder Dokumente. Das Unternehmen bem\u00fcht sich, die Informationen auf der Website regelm\u00e4\u00dfig zu aktualisieren. Es garantiert in keiner Weise die Begr\u00fcndung von Vertragsverh\u00e4ltnissen zwischen den Nutzern und den Partnern und Werbetreibenden der Website. MySmileAdvise.com kann in keinem Fall f\u00fcr Sch\u00e4den jeglicher Art haftbar gemacht werden, die sich aus der Auslegung oder Nutzung der auf dieser Website verf\u00fcgbaren Informationen und\/oder Dokumente ergeben.<\/p>\n<p>Haftungsbeschr\u00e4nkung<\/p>\n<p>Jeder Benutzer ist allein verantwortlich f\u00fcr die Nutzung der Website und ihrer zug\u00e4nglichen Online-Dienste. Somit kann MySmileAdvise.com im Rahmen eines Verfahrens gegen den Benutzer aufgrund einer unsachgem\u00e4\u00dfen Nutzung der Website und\/oder ihrer Dienste unter keinen Umst\u00e4nden haftbar gemacht werden. Die Website kann externe Links zu anderen Websites im Internet enthalten. Durch die Links zu diesen anderen Ressourcen verlassen Sie die Website MySmileAdvise.com. Das Unternehmen ist weder f\u00fcr den Inhalt dieser Websites, noch f\u00fcr die Links, die sie enthalten, noch f\u00fcr die vorgenommenen \u00c4nderungen oder Aktualisierungen verantwortlich. Folglich kann MySmileAdvise.com nicht f\u00fcr direkte oder indirekte Sch\u00e4den im Zusammenhang mit externen Websites haftbar gemacht werden. Das Unternehmen verpflichtet sich, alle notwendigen Mittel einzusetzen, um die Kontinuit\u00e4t der von Monforfait.ch angebotenen Dienste sicherzustellen. Dennoch lehnt es jede Haftung im Falle von:<\/p>\n<ul>\n<li>Nichtverf\u00fcgbarkeit, Ausf\u00e4lle, Fehlfunktionen, \u00c4nderungen der bereitgestellten Dienste, unabh\u00e4ngig von ihrer Herkunft oder Quelle.<\/li>\n<li>Nichtverf\u00fcgbarkeit der Website aufgrund von Netzwerkausf\u00e4llen, wie etwa Telekommunikations- oder Stromnetze<\/li>\n<li>Vom Nutzer verursachte Sch\u00e4den infolge unsachgem\u00e4\u00dfer Nutzung der Website<\/li>\n<li>Verlust gespeicherter Daten und, soweit gesetzlich zul\u00e4ssig, jeglicher indirekter Schaden, der die Nutzung der Dienste der Website unm\u00f6glich machen kann<\/li>\n<li>Hackerangriff auf die Website, der zu Sch\u00e4den auf der Website f\u00fchrt<\/li>\n<li>Nur direkte Sch\u00e4den, die von Partnern und Werbetreibenden infolge eines Versto\u00dfes gegen die vertraglichen Verpflichtungen des Unternehmens (vertragliche Verpflichtungen, die hierin definiert sind) erlitten werden, k\u00f6nnen die Haftung des Unternehmens begr\u00fcnden.<\/li>\n<\/ul>\n<p>Was indirekte Sch\u00e4den wie entgangenen Gewinn, entgangene Chancen, kommerziellen oder finanziellen Schaden, erh\u00f6hte Gemeinkosten oder Verluste betrifft, die ihren Ursprung in oder als Folge der Ausf\u00fchrung dieser Vereinbarung haben, k\u00f6nnen sie in keinem Fall die Haftung des Unternehmens begr\u00fcnden. Der Nutzer, die Partner und die Werbetreibenden verzichten daher darauf, die Haftung des Unternehmens, das MySmileAdvise.com herausgibt, in dieser Hinsicht in Anspruch zu nehmen.<\/p>\n<p>Geistiges Eigentum<\/p>\n<p>Die allgemeine Struktur der Website sowie die Texte, Slogans, Logos, Grafiken, Bilder, T\u00f6ne und Videos, die sie bilden, sind ausschlie\u00dfliches Eigentum des Unternehmens, das die Website betreibt. Gem\u00e4\u00df den Bestimmungen des Gesetzes \u00fcber geistiges Eigentum ist jede Darstellung und\/oder Vervielf\u00e4ltigung und\/oder teilweise oder vollst\u00e4ndige Nutzung der Inhalte und Dienste, die von der Website angeboten werden, auf welche Weise auch immer, ohne vorherige schriftliche Genehmigung des Unternehmens streng verboten und k\u00f6nnte eine Verletzung im Sinne der Artikel L 335-2 ff. des Gesetzes \u00fcber geistiges Eigentum darstellen. Die Marke \u201eMySmileAdvise.com\u201c ist eine eingetragene Marke des Unternehmens, das die Website betreibt. Ebenso sind der Domainname MySmileAdvise.com und die damit verbundenen Subdomains ausschlie\u00dfliches Eigentum des Unternehmens. Jede Darstellung und\/oder Vervielf\u00e4ltigung und\/oder teilweise oder vollst\u00e4ndige Nutzung dieser Marken, gleich welcher Art, ist streng verboten. Das Unternehmen beh\u00e4lt sich das Recht vor, rechtliche Schritte gegen Personen einzuleiten, die die in diesem Artikel enthaltenen Verbote nicht beachtet haben. Die von den Partnern und Werbetreibenden der Website hochgeladenen Inhalte wie Marken, Logos, Handelsnamen, Domainnamen, Fotos und Texte bleiben im Eigentum dieser. Daher besitzt MySmileAdvise.com keinerlei Rechte an den von den Partnern oder Werbetreibenden ver\u00f6ffentlichten Inhalten, es sei denn, es besteht eine vorherige eingeschr\u00e4nkte Lizenzvereinbarung zwischen dem Unternehmen und den Partnern und\/oder Werbetreibenden. Jede Darstellung und\/oder Vervielf\u00e4ltigung und\/oder teilweise oder vollst\u00e4ndige Nutzung der von den Partnern und Werbetreibenden der Website ver\u00f6ffentlichten Inhalte ist daher verboten. MySmileAdvise.com ist der Hersteller der Datenbank, die von \u201eMySmileAdvise.com\u201c erstellt wurde, im Sinne des Artikels L 341-1 ff. des Gesetzes \u00fcber geistiges Eigentum. Jede nicht ausdr\u00fccklich genehmigte Extraktion, Vervielf\u00e4ltigung oder Nutzung des Inhalts der Datenbank kann die zivilrechtliche und\/oder strafrechtliche Haftung des Urhebers begr\u00fcnden. Das Unternehmen beh\u00e4lt sich das Recht vor, rechtliche Schritte gegen Personen einzuleiten, die dieses Verbot nicht beachten.<\/p>\n<p>Impressum<\/p>\n<p class=\" translation-block\">Die Website MySmileAdvise.com wird von der Firma Parking Avenue herausgegeben, mit dem Firmennamen: Parking Avenue. Parking Avenue ist eine SAS mit einem Kapital von 20.000 Euro, eingetragen im RCS von Laval unter der Nummer 804 337 517. Der Firmensitz befindet sich in Frankreich, 53000 LAVAL, 24 rue Saint Mathurin. Diese Website wird gehostet von der Firma Infomaniak \u2013 Genf, Schweiz.<\/p>\n\n\n<div style=\"height:30px\" aria-hidden=\"true\" class=\"wp-block-spacer\"><\/div>","protected":false},"excerpt":{"rendered":"<p>Mentions l\u00e9gales Les pr\u00e9sentes Conditions G\u00e9n\u00e9rales d\u2019Utilisation ont pour objet de d\u00e9finir et r\u00e9gir l\u2019utilisation des services du site MySmileAdvise.com (ci-apr\u00e8s d\u00e9sign\u00e9 par \u00ab le site \u00bb), et les relations juridiques entre les utilisateurs du site et le site MySmileAdvise.com. Ces Conditions G\u00e9n\u00e9rales d\u2019Utilisation sont mises \u00e0 disposition des internautes par MySmileAdvise.com. L\u2019acc\u00e8s au site MySmileAdvise.com, sa consultation et son utilisation sont subordonn\u00e9s \u00e0 l\u2019acceptation sans r\u00e9serve des pr\u00e9sentes Conditions G\u00e9n\u00e9rales d\u2019Utilisation. La soci\u00e9t\u00e9 se r\u00e9serve la possibilit\u00e9 de modifier librement, \u00e0 tout moment et sans pr\u00e9avis, les pr\u00e9sentes conditions g\u00e9n\u00e9rales d\u2019utilisation afin de les adapter aux \u00e9volutions du site\u2026<\/p>","protected":false},"author":1,"featured_media":0,"parent":0,"menu_order":0,"comment_status":"closed","ping_status":"closed","template":"","meta":{"_crdt_document":"","footnotes":""},"class_list":["post-29058","page","type-page","status-publish","hentry"],"blocksy_meta":{"has_hero_section":"disabled","vertical_spacing_source":"custom","content_area_spacing":"none"},"yoast_head":"<!-- This site is optimized with the Yoast SEO plugin v27.5 - https:\/\/yoast.com\/product\/yoast-seo-wordpress\/ -->\n<title>mentions l\u00e9gales - MySmileAdvise<\/title>\n<meta name=\"robots\" content=\"index, follow, max-snippet:-1, max-image-preview:large, max-video-preview:-1\" \/>\n<link rel=\"canonical\" href=\"https:\/\/mysmileadvise.com\/de\/impressum\/\" \/>\n<meta property=\"og:locale\" content=\"de_DE\" \/>\n<meta property=\"og:type\" content=\"article\" \/>\n<meta property=\"og:title\" content=\"mentions l\u00e9gales - MySmileAdvise\" \/>\n<meta property=\"og:description\" content=\"Mentions l\u00e9gales Les pr\u00e9sentes Conditions G\u00e9n\u00e9rales d\u2019Utilisation ont pour objet de d\u00e9finir et r\u00e9gir l\u2019utilisation des services du site MySmileAdvise.com (ci-apr\u00e8s d\u00e9sign\u00e9 par \u00ab le site \u00bb), et les relations juridiques entre les utilisateurs du site et le site MySmileAdvise.com. Ces Conditions G\u00e9n\u00e9rales d\u2019Utilisation sont mises \u00e0 disposition des internautes par MySmileAdvise.com. L\u2019acc\u00e8s au site MySmileAdvise.com, sa consultation et son utilisation sont subordonn\u00e9s \u00e0 l\u2019acceptation sans r\u00e9serve des pr\u00e9sentes Conditions G\u00e9n\u00e9rales d\u2019Utilisation. La soci\u00e9t\u00e9 se r\u00e9serve la possibilit\u00e9 de modifier librement, \u00e0 tout moment et sans pr\u00e9avis, les pr\u00e9sentes conditions g\u00e9n\u00e9rales d\u2019utilisation afin de les adapter aux \u00e9volutions du site\u2026\" \/>\n<meta property=\"og:url\" content=\"https:\/\/mysmileadvise.com\/de\/impressum\/\" \/>\n<meta property=\"og:site_name\" content=\"MySmileAdvise\" \/>\n<meta property=\"article:modified_time\" content=\"2024-10-04T14:25:45+00:00\" \/>\n<meta name=\"twitter:card\" content=\"summary_large_image\" \/>\n<meta name=\"twitter:label1\" content=\"Gesch\u00e4tzte Lesezeit\" \/>\n\t<meta name=\"twitter:data1\" content=\"10\u00a0Minuten\" \/>\n<script type=\"application\/ld+json\" class=\"yoast-schema-graph\">{\"@context\":\"https:\\\/\\\/schema.org\",\"@graph\":[{\"@type\":\"WebPage\",\"@id\":\"https:\\\/\\\/mysmileadvise.com\\\/mentions-legales\\\/\",\"url\":\"https:\\\/\\\/mysmileadvise.com\\\/mentions-legales\\\/\",\"name\":\"mentions l\u00e9gales - MySmileAdvise\",\"isPartOf\":{\"@id\":\"https:\\\/\\\/mysmileadvise.com\\\/#website\"},\"datePublished\":\"2022-12-20T12:16:38+00:00\",\"dateModified\":\"2024-10-04T14:25:45+00:00\",\"breadcrumb\":{\"@id\":\"https:\\\/\\\/mysmileadvise.com\\\/mentions-legales\\\/#breadcrumb\"},\"inLanguage\":\"de\",\"potentialAction\":[{\"@type\":\"ReadAction\",\"target\":[\"https:\\\/\\\/mysmileadvise.com\\\/mentions-legales\\\/\"]}]},{\"@type\":\"BreadcrumbList\",\"@id\":\"https:\\\/\\\/mysmileadvise.com\\\/mentions-legales\\\/#breadcrumb\",\"itemListElement\":[{\"@type\":\"ListItem\",\"position\":1,\"name\":\"Accueil\",\"item\":\"https:\\\/\\\/mysmileadvise.com\\\/\"},{\"@type\":\"ListItem\",\"position\":2,\"name\":\"mentions l\u00e9gales\"}]},{\"@type\":\"WebSite\",\"@id\":\"https:\\\/\\\/mysmileadvise.com\\\/#website\",\"url\":\"https:\\\/\\\/mysmileadvise.com\\\/\",\"name\":\"MySmileAdvise\",\"description\":\"My Smile Advise\",\"publisher\":{\"@id\":\"https:\\\/\\\/mysmileadvise.com\\\/#organization\"},\"potentialAction\":[{\"@type\":\"SearchAction\",\"target\":{\"@type\":\"EntryPoint\",\"urlTemplate\":\"https:\\\/\\\/mysmileadvise.com\\\/?s={search_term_string}\"},\"query-input\":{\"@type\":\"PropertyValueSpecification\",\"valueRequired\":true,\"valueName\":\"search_term_string\"}}],\"inLanguage\":\"de\"},{\"@type\":\"Organization\",\"@id\":\"https:\\\/\\\/mysmileadvise.com\\\/#organization\",\"name\":\"MySmileAdvise\",\"url\":\"https:\\\/\\\/mysmileadvise.com\\\/\",\"logo\":{\"@type\":\"ImageObject\",\"inLanguage\":\"de\",\"@id\":\"https:\\\/\\\/mysmileadvise.com\\\/#\\\/schema\\\/logo\\\/image\\\/\",\"url\":\"https:\\\/\\\/mysmileadvise.com\\\/wp-content\\\/uploads\\\/2022\\\/12\\\/Capture-decran-2022-12-14-a-16.10.10.png\",\"contentUrl\":\"https:\\\/\\\/mysmileadvise.com\\\/wp-content\\\/uploads\\\/2022\\\/12\\\/Capture-decran-2022-12-14-a-16.10.10.png\",\"width\":1634,\"height\":220,\"caption\":\"MySmileAdvise\"},\"image\":{\"@id\":\"https:\\\/\\\/mysmileadvise.com\\\/#\\\/schema\\\/logo\\\/image\\\/\"}}]}<\/script>\n<!-- \/ Yoast SEO plugin. -->","yoast_head_json":{"title":"mentions l\u00e9gales - MySmileAdvise","robots":{"index":"index","follow":"follow","max-snippet":"max-snippet:-1","max-image-preview":"max-image-preview:large","max-video-preview":"max-video-preview:-1"},"canonical":"https:\/\/mysmileadvise.com\/de\/impressum\/","og_locale":"de_DE","og_type":"article","og_title":"mentions l\u00e9gales - MySmileAdvise","og_description":"Mentions l\u00e9gales Les pr\u00e9sentes Conditions G\u00e9n\u00e9rales d\u2019Utilisation ont pour objet de d\u00e9finir et r\u00e9gir l\u2019utilisation des services du site MySmileAdvise.com (ci-apr\u00e8s d\u00e9sign\u00e9 par \u00ab le site \u00bb), et les relations juridiques entre les utilisateurs du site et le site MySmileAdvise.com. Ces Conditions G\u00e9n\u00e9rales d\u2019Utilisation sont mises \u00e0 disposition des internautes par MySmileAdvise.com. L\u2019acc\u00e8s au site MySmileAdvise.com, sa consultation et son utilisation sont subordonn\u00e9s \u00e0 l\u2019acceptation sans r\u00e9serve des pr\u00e9sentes Conditions G\u00e9n\u00e9rales d\u2019Utilisation. La soci\u00e9t\u00e9 se r\u00e9serve la possibilit\u00e9 de modifier librement, \u00e0 tout moment et sans pr\u00e9avis, les pr\u00e9sentes conditions g\u00e9n\u00e9rales d\u2019utilisation afin de les adapter aux \u00e9volutions du site\u2026","og_url":"https:\/\/mysmileadvise.com\/de\/impressum\/","og_site_name":"MySmileAdvise","article_modified_time":"2024-10-04T14:25:45+00:00","twitter_card":"summary_large_image","twitter_misc":{"Gesch\u00e4tzte Lesezeit":"10\u00a0Minuten"},"schema":{"@context":"https:\/\/schema.org","@graph":[{"@type":"WebPage","@id":"https:\/\/mysmileadvise.com\/mentions-legales\/","url":"https:\/\/mysmileadvise.com\/mentions-legales\/","name":"mentions l\u00e9gales - MySmileAdvise","isPartOf":{"@id":"https:\/\/mysmileadvise.com\/#website"},"datePublished":"2022-12-20T12:16:38+00:00","dateModified":"2024-10-04T14:25:45+00:00","breadcrumb":{"@id":"https:\/\/mysmileadvise.com\/mentions-legales\/#breadcrumb"},"inLanguage":"de","potentialAction":[{"@type":"ReadAction","target":["https:\/\/mysmileadvise.com\/mentions-legales\/"]}]},{"@type":"BreadcrumbList","@id":"https:\/\/mysmileadvise.com\/mentions-legales\/#breadcrumb","itemListElement":[{"@type":"ListItem","position":1,"name":"Accueil","item":"https:\/\/mysmileadvise.com\/"},{"@type":"ListItem","position":2,"name":"mentions l\u00e9gales"}]},{"@type":"WebSite","@id":"https:\/\/mysmileadvise.com\/#website","url":"https:\/\/mysmileadvise.com\/","name":"MySmileAdvise","description":"My Smile Advise","publisher":{"@id":"https:\/\/mysmileadvise.com\/#organization"},"potentialAction":[{"@type":"SearchAction","target":{"@type":"EntryPoint","urlTemplate":"https:\/\/mysmileadvise.com\/?s={search_term_string}"},"query-input":{"@type":"PropertyValueSpecification","valueRequired":true,"valueName":"search_term_string"}}],"inLanguage":"de"},{"@type":"Organization","@id":"https:\/\/mysmileadvise.com\/#organization","name":"MySmileAdvise","url":"https:\/\/mysmileadvise.com\/","logo":{"@type":"ImageObject","inLanguage":"de","@id":"https:\/\/mysmileadvise.com\/#\/schema\/logo\/image\/","url":"https:\/\/mysmileadvise.com\/wp-content\/uploads\/2022\/12\/Capture-decran-2022-12-14-a-16.10.10.png","contentUrl":"https:\/\/mysmileadvise.com\/wp-content\/uploads\/2022\/12\/Capture-decran-2022-12-14-a-16.10.10.png","width":1634,"height":220,"caption":"MySmileAdvise"},"image":{"@id":"https:\/\/mysmileadvise.com\/#\/schema\/logo\/image\/"}}]}},"_links":{"self":[{"href":"https:\/\/mysmileadvise.com\/de\/wp-json\/wp\/v2\/pages\/29058","targetHints":{"allow":["GET"]}}],"collection":[{"href":"https:\/\/mysmileadvise.com\/de\/wp-json\/wp\/v2\/pages"}],"about":[{"href":"https:\/\/mysmileadvise.com\/de\/wp-json\/wp\/v2\/types\/page"}],"author":[{"embeddable":true,"href":"https:\/\/mysmileadvise.com\/de\/wp-json\/wp\/v2\/users\/1"}],"replies":[{"embeddable":true,"href":"https:\/\/mysmileadvise.com\/de\/wp-json\/wp\/v2\/comments?post=29058"}],"version-history":[{"count":30,"href":"https:\/\/mysmileadvise.com\/de\/wp-json\/wp\/v2\/pages\/29058\/revisions"}],"predecessor-version":[{"id":30275,"href":"https:\/\/mysmileadvise.com\/de\/wp-json\/wp\/v2\/pages\/29058\/revisions\/30275"}],"wp:attachment":[{"href":"https:\/\/mysmileadvise.com\/de\/wp-json\/wp\/v2\/media?parent=29058"}],"curies":[{"name":"wp","href":"https:\/\/api.w.org\/{rel}","templated":true}]}}