{"id":29058,"date":"2022-12-20T13:16:38","date_gmt":"2022-12-20T12:16:38","guid":{"rendered":"https:\/\/mysmileadvise.com\/?page_id=29058"},"modified":"2024-10-04T16:25:45","modified_gmt":"2024-10-04T14:25:45","slug":"mentions-legales","status":"publish","type":"page","link":"https:\/\/mysmileadvise.com\/es\/aviso-legal\/","title":{"rendered":"mentions l\u00e9gales"},"content":{"rendered":"<p><style>\/*! elementor - v3.9.0 - 06-12-2022 *\/<br \/>\n.elementor-heading-title{padding:0;margin:0;line-height:1}.elementor-widget-heading .elementor-heading-title[class*=elementor-size-]>a{color:inherit;font-size:inherit;line-height:inherit}.elementor-widget-heading .elementor-heading-title.elementor-size-small{font-size:15px}.elementor-widget-heading .elementor-heading-title.elementor-size-medium{font-size:19px}.elementor-widget-heading .elementor-heading-title.elementor-size-large{font-size:29px}.elementor-widget-heading .elementor-heading-title.elementor-size-xl{font-size:39px}.elementor-widget-heading .elementor-heading-title.elementor-size-xxl{font-size:59px}<\/style><\/p>\n<h1>Aviso legal<\/h1>\n<p>Estas Condiciones Generales de Uso tienen como objetivo definir y regular el uso de los servicios del sitio MySmileAdvise.com (en adelante denominado \u00abel sitio\u00bb), y las relaciones jur\u00eddicas entre los usuarios del sitio y el sitio MySmileAdvise.com. Estas Condiciones Generales de Uso est\u00e1n disponibles para los internautas por parte de MySmileAdvise.com. El acceso al sitio MySmileAdvise.com, su consulta y uso est\u00e1n sujetos a la aceptaci\u00f3n sin reservas de estas Condiciones Generales de Uso. La empresa se reserva la posibilidad de modificar libremente, en cualquier momento y sin previo aviso, estas condiciones generales de uso para adaptarlas a las evoluciones del sitio y\/o su funcionamiento.<\/p>\n<p>Definiciones<\/p>\n<p>Los t\u00e9rminos mencionados a continuaci\u00f3n tienen las siguientes definiciones<\/p>\n<ul>\n<li class=\" translation-block\">\"Servicios\": designa los servicios ofrecidos por la empresa en su sitio web.<\/li>\n<li class=\" translation-block\">\"Sitio web\": designa el sitio web MySmileAdvise.com.<\/li>\n<li class=\" translation-block\">\"Empresa\": designa la empresa editora del sitio MySmileAdvise.com.<\/li>\n<li class=\" translation-block\">\"Usuario\": designa a cualquier persona f\u00edsica o jur\u00eddica que acceda al sitio MySmileAdvise.com en el marco de un uso privado o profesional.<\/li>\n<\/ul>\n<p>\u00c1mbito de aplicaci\u00f3n<\/p>\n<p>Estas condiciones generales tienen como objetivo definir y regular las Condiciones Generales de Uso del sitio y los servicios ofrecidos a los usuarios. La consulta del sitio y el uso de sus servicios est\u00e1n sujetos a la aceptaci\u00f3n de las condiciones generales de uso vigentes, lo que implica la aceptaci\u00f3n sin restricciones ni reservas de las presentes por parte del usuario. Por lo tanto, antes de consultar el sitio, el usuario debe familiarizarse con las Condiciones Generales de Uso vigentes. Informamos al usuario que MySmileAdvise.com podr\u00e1 modificar estas Condiciones Generales de Uso en cualquier momento. Por lo tanto, las condiciones aplicables son las que est\u00e1n en vigor y accesibles en el sitio en la fecha de acceso del usuario. En consecuencia, invitamos al usuario a consultar regularmente las Condiciones Generales de Uso del sitio. Las presentes Condiciones Generales de Uso est\u00e1n sujetas a la ley francesa, independientemente del lugar de uso. En caso de disputa, y despu\u00e9s del fracaso de cualquier intento de encontrar una soluci\u00f3n amistosa, los tribunales franceses ser\u00e1n los \u00fanicos competentes para conocer de este litigio.<\/p>\n<p>Los servicios disponibles<\/p>\n<p>El sitio MySmileAdvise.com permite a los usuarios obtener consejos sobre est\u00e9tica dental y conocer mejor los diferentes dispositivos disponibles. MySmileAdvise.com no ofrece ning\u00fan consejo m\u00e9dico y anima encarecidamente a sus usuarios a consultar a un dentista u ortodoncista para cualquier duda relacionada con su dentadura.<\/p>\n<p>Condiciones de acceso y disponibilidad de los servicios<\/p>\n<p>El sitio MySmileAdvise.com y sus servicios son accesibles libremente para todos los usuarios a trav\u00e9s de una conexi\u00f3n a Internet. MySmileAdvise.com hace todo lo posible para permitir el acceso al sitio y a sus servicios las 24 horas del d\u00eda, los 7 d\u00edas de la semana, salvo en casos de fuerza mayor o eventos fuera del control de la empresa, y sujeto a posibles aver\u00edas y trabajos de mantenimiento necesarios para el correcto funcionamiento del sitio y los servicios. Por lo tanto, la empresa no puede garantizar la disponibilidad del sitio y\/o de los servicios, la fiabilidad de las transmisiones o el rendimiento en t\u00e9rminos de tiempo de respuesta o calidad. No se prev\u00e9 asistencia t\u00e9cnica al usuario, ya sea por medios electr\u00f3nicos o telef\u00f3nicos. La responsabilidad de la empresa editora de MySmileAdvise.com no se ver\u00e1 comprometida en caso de imposibilidad de acceso a este sitio y\/o uso de los servicios. Adem\u00e1s, MySmileAdvise.com puede interrumpir el sitio o parte de los servicios en cualquier momento sin previo aviso, y todo ello sin derecho a indemnizaci\u00f3n. El usuario reconoce y acepta que MySmileAdvise.com no es responsable de las interrupciones y de las consecuencias que puedan derivarse de ellas para el usuario o cualquier tercero.<\/p>\n<p>Responsabilidad del usuario<\/p>\n<p>El usuario se compromete a acceder y utilizar el sitio y sus servicios de manera razonable, de conformidad con la legislaci\u00f3n, la normativa aplicable y las condiciones generales de uso. En consecuencia, el usuario no podr\u00e1 en ning\u00fan caso... <strong>:<\/strong><\/p>\n<ul>\n<li>Utilizar el sitio y sus servicios de manera il\u00edcita, infringiendo la normativa y las reglas aplicables en vigor, y en general, perjudicar los intereses, la reputaci\u00f3n o la imagen de MySmileAdvise.com.<\/li>\n<li>Utilizar dispositivos o software que puedan afectar el buen funcionamiento del sitio y sus servicios, o extraer, duplicar o modificar todo o parte de la base de datos del sitio y su contenido.<\/li>\n<li>Acceder al sitio y sus servicios con fines il\u00edcitos que puedan perjudicar la reputaci\u00f3n e imagen del sitio y de la empresa. A este respecto, est\u00e1 prohibido difundir o enviar cualquier tipo de contenido que pueda ofender, herir a los usuarios o infringir los derechos de terceros y los derechos de propiedad intelectual.<\/li>\n<li>Reutilizar o reproducir todo o parte del sitio con fines comerciales y\/o privados de manera ilegal, en contradicci\u00f3n con el C\u00f3digo de Propiedad Intelectual.<\/li>\n<li>Utilizar los datos de contacto de los usuarios y socios con fines comerciales.<\/li>\n<\/ul>\n<p>Si se demostrara un uso indebido del sitio por parte del usuario, MySmileAdvise.com tendr\u00eda la posibilidad de denegarle el acceso total o parcial al sitio, sin previo aviso.<\/p>\n<p>Garant\u00eda de MySmileAdvise.com<\/p>\n<p>MySmileAdvise.com ofrece consejos y t\u00e9cnicas sobre est\u00e9tica dental. El sitio no proporciona ning\u00fan consejo m\u00e9dico y recomienda encarecidamente a los usuarios del sitio que consulten a un dentista o a un ortodoncista para cualquier duda. La informaci\u00f3n y\/o los documentos que aparecen en el sitio provienen de fuentes consideradas confiables. Sin embargo, algunas informaciones y\/o documentos pueden contener inexactitudes t\u00e9cnicas y errores tipogr\u00e1ficos. Por lo tanto, se recomienda encarecidamente verificar la precisi\u00f3n y relevancia de la informaci\u00f3n y\/o documentos puestos a disposici\u00f3n en el sitio. La informaci\u00f3n y\/o los documentos disponibles en el sitio est\u00e1n sujetos a cambios en cualquier momento y pueden haber sido actualizados. En particular, pueden haber sido actualizados entre el momento de su descarga y el momento en que el usuario los consulta. En consecuencia, MySmileAdvise.com declina toda responsabilidad sobre el contenido de las informaciones y\/o documentos publicados y difundidos en el sitio. La empresa hace todo lo posible por actualizar regularmente la informaci\u00f3n contenida en el sitio. No garantiza en ning\u00fan caso el establecimiento de relaciones contractuales entre los usuarios y los socios y anunciantes del sitio. MySmileAdvise.com no se hace responsable de ning\u00fan da\u00f1o de cualquier tipo que resulte de la interpretaci\u00f3n o uso de la informaci\u00f3n y\/o documentos disponibles en este sitio.<\/p>\n<p>Limitaci\u00f3n de responsabilidad<\/p>\n<p>Cada usuario es el \u00fanico responsable de su uso del sitio web y de sus servicios accesibles en l\u00ednea. As\u00ed, en el marco de un procedimiento iniciado contra el usuario debido a un uso no conforme del sitio y\/o de sus servicios, MySmileAdvise.com no podr\u00e1 ser considerada responsable en ning\u00fan caso. El sitio puede contener enlaces externos a otros sitios presentes en la red de Internet. Los enlaces a estos otros recursos te hacen salir del sitio MySmileAdvise.com. La empresa no es responsable del contenido de estos sitios, ni de los enlaces que contienen, ni de los cambios o actualizaciones que se realicen. Por lo tanto, MySmileAdvise.com no podr\u00e1 ser considerada responsable de los da\u00f1os directos o indirectos relacionados con sitios web externos. La empresa se compromete a utilizar todos los medios necesarios para garantizar la continuidad de los servicios ofrecidos por Monforfait.ch. Sin embargo, declina toda responsabilidad en caso de:<\/p>\n<ul>\n<li>Indisponibilidad, fallos, malfuncionamientos, modificaciones de los servicios prestados, independientemente de su origen o procedencia.<\/li>\n<li>Indisponibilidad del sitio debido a fallos en las redes como las redes el\u00e9ctricas o de telecomunicaciones<\/li>\n<li>Da\u00f1os causados por el Usuario debido al uso incorrecto del sitio<\/li>\n<li>P\u00e9rdida de datos almacenados y, en la medida permitida por la ley, cualquier da\u00f1o indirecto que pueda provocar la imposibilidad de utilizar los servicios del sitio<\/li>\n<li>Pirater\u00eda inform\u00e1tica del sitio que cause da\u00f1os en el sitio<\/li>\n<li>Solo los da\u00f1os directos sufridos por los socios y anunciantes que resulten de un incumplimiento de las obligaciones contractuales de la empresa (obligaciones contractuales definidas en el presente documento) podr\u00e1n comprometer la responsabilidad de dicha empresa.<\/li>\n<\/ul>\n<p>En cuanto a los da\u00f1os indirectos, como la p\u00e9rdida de beneficios, la p\u00e9rdida de oportunidades, el perjuicio comercial o financiero, el aumento de los gastos generales o las p\u00e9rdidas que se deriven o sean consecuencia de la ejecuci\u00f3n de las presentes condiciones, en ning\u00fan caso comprometer\u00e1n la responsabilidad de la empresa. El usuario, los socios y los anunciantes renuncian en consecuencia a reclamar la responsabilidad de la empresa editora de MySmileAdvise.com a este respecto.<\/p>\n<p>Propiedad intelectual<\/p>\n<p>La estructura general del sitio, as\u00ed como los textos, esl\u00f3ganes, logotipos, gr\u00e1ficos, im\u00e1genes, sonidos y videos que lo componen, son propiedad exclusiva de la empresa editora del sitio. De acuerdo con las disposiciones del C\u00f3digo de la propiedad intelectual, cualquier representaci\u00f3n y\/o reproducci\u00f3n y\/o explotaci\u00f3n parcial o total de los contenidos y servicios ofrecidos por el sitio, por cualquier medio, sin la autorizaci\u00f3n previa y por escrito de la empresa est\u00e1 estrictamente prohibida y podr\u00eda constituir una infracci\u00f3n seg\u00fan los art\u00edculos L 335-2 y siguientes del C\u00f3digo de la propiedad intelectual. La marca \u00abMySmileAdvise.com\u00bb es una marca registrada por la empresa editora del sitio. Del mismo modo, el nombre de dominio MySmileAdvise.com y sus subdominios afiliados son propiedad exclusiva de la empresa. Cualquier representaci\u00f3n y\/o reproducci\u00f3n y\/o explotaci\u00f3n parcial o total de estas marcas, de cualquier tipo, est\u00e1 completamente prohibida. La empresa se reserva el derecho de emprender acciones legales contra aquellas personas que no respeten las prohibiciones contenidas en el presente art\u00edculo. El contenido subido por los socios y los anunciantes del sitio, tales como marcas, logotipos, nombres comerciales, nombres de dominio, fotos y textos sigue siendo propiedad de estos \u00faltimos. As\u00ed, MySmileAdvise.com no posee ning\u00fan derecho sobre el contenido publicado por los socios ni sobre el contenido publicado por los anunciantes, salvo un acuerdo previo de licencia limitada entre la empresa y los socios y\/o anunciantes. Por lo tanto, cualquier representaci\u00f3n y\/o reproducci\u00f3n y\/o explotaci\u00f3n parcial o total del contenido publicado por los socios y anunciantes del sitio est\u00e1 prohibida. MySmileAdvise.com es el productor de la base de datos constituida por \u00abMySmileAdvise.com\u00bb, en el sentido del art\u00edculo L 341-1 y siguientes del C\u00f3digo de la propiedad intelectual. Cualquier extracci\u00f3n, reproducci\u00f3n o utilizaci\u00f3n del contenido de la base no expresamente autorizada puede comprometer la responsabilidad civil y\/o penal de su autor. La empresa se reserva el derecho de emprender acciones legales contra aquellos que no respeten esta prohibici\u00f3n.<\/p>\n<p>Aviso legal<\/p>\n<p class=\" translation-block\">El sitio MySmileAdvise.com es editado por la empresa Parking Avenue, cuyo nombre comercial es: Parking Avenue. Parking Avenue es una SAS con un capital de 20.000 euros, registrada en el RCS de Laval con el n\u00famero 804 337 517. La sede de la empresa se encuentra en Francia, en 53000 LAVAL, 24 rue Saint Mathurin. Este sitio est\u00e1 alojado por la empresa Infomaniak \u2013 Ginebra, Suiza.<\/p>\n\n\n<div style=\"height:30px\" aria-hidden=\"true\" class=\"wp-block-spacer\"><\/div>","protected":false},"excerpt":{"rendered":"<p>Mentions l\u00e9gales Les pr\u00e9sentes Conditions G\u00e9n\u00e9rales d\u2019Utilisation ont pour objet de d\u00e9finir et r\u00e9gir l\u2019utilisation des services du site MySmileAdvise.com (ci-apr\u00e8s d\u00e9sign\u00e9 par \u00ab le site \u00bb), et les relations juridiques entre les utilisateurs du site et le site MySmileAdvise.com. Ces Conditions G\u00e9n\u00e9rales d\u2019Utilisation sont mises \u00e0 disposition des internautes par MySmileAdvise.com. L\u2019acc\u00e8s au site MySmileAdvise.com, sa consultation et son utilisation sont subordonn\u00e9s \u00e0 l\u2019acceptation sans r\u00e9serve des pr\u00e9sentes Conditions G\u00e9n\u00e9rales d\u2019Utilisation. La soci\u00e9t\u00e9 se r\u00e9serve la possibilit\u00e9 de modifier librement, \u00e0 tout moment et sans pr\u00e9avis, les pr\u00e9sentes conditions g\u00e9n\u00e9rales d\u2019utilisation afin de les adapter aux \u00e9volutions du site\u2026<\/p>","protected":false},"author":1,"featured_media":0,"parent":0,"menu_order":0,"comment_status":"closed","ping_status":"closed","template":"","meta":{"_crdt_document":"","footnotes":""},"class_list":["post-29058","page","type-page","status-publish","hentry"],"blocksy_meta":{"has_hero_section":"disabled","vertical_spacing_source":"custom","content_area_spacing":"none"},"yoast_head":"<!-- This site is optimized with the Yoast SEO plugin v27.5 - https:\/\/yoast.com\/product\/yoast-seo-wordpress\/ -->\n<title>mentions l\u00e9gales - MySmileAdvise<\/title>\n<meta name=\"robots\" content=\"index, follow, max-snippet:-1, max-image-preview:large, max-video-preview:-1\" \/>\n<link rel=\"canonical\" href=\"https:\/\/mysmileadvise.com\/es\/aviso-legal\/\" \/>\n<meta property=\"og:locale\" content=\"es_ES\" \/>\n<meta property=\"og:type\" content=\"article\" \/>\n<meta property=\"og:title\" content=\"mentions l\u00e9gales - MySmileAdvise\" \/>\n<meta property=\"og:description\" content=\"Mentions l\u00e9gales Les pr\u00e9sentes Conditions G\u00e9n\u00e9rales d\u2019Utilisation ont pour objet de d\u00e9finir et r\u00e9gir l\u2019utilisation des services du site MySmileAdvise.com (ci-apr\u00e8s d\u00e9sign\u00e9 par \u00ab le site \u00bb), et les relations juridiques entre les utilisateurs du site et le site MySmileAdvise.com. Ces Conditions G\u00e9n\u00e9rales d\u2019Utilisation sont mises \u00e0 disposition des internautes par MySmileAdvise.com. L\u2019acc\u00e8s au site MySmileAdvise.com, sa consultation et son utilisation sont subordonn\u00e9s \u00e0 l\u2019acceptation sans r\u00e9serve des pr\u00e9sentes Conditions G\u00e9n\u00e9rales d\u2019Utilisation. La soci\u00e9t\u00e9 se r\u00e9serve la possibilit\u00e9 de modifier librement, \u00e0 tout moment et sans pr\u00e9avis, les pr\u00e9sentes conditions g\u00e9n\u00e9rales d\u2019utilisation afin de les adapter aux \u00e9volutions du site\u2026\" \/>\n<meta property=\"og:url\" content=\"https:\/\/mysmileadvise.com\/es\/aviso-legal\/\" \/>\n<meta property=\"og:site_name\" content=\"MySmileAdvise\" \/>\n<meta property=\"article:modified_time\" content=\"2024-10-04T14:25:45+00:00\" \/>\n<meta name=\"twitter:card\" content=\"summary_large_image\" \/>\n<meta name=\"twitter:label1\" content=\"Tiempo de lectura\" \/>\n\t<meta name=\"twitter:data1\" content=\"10 minutos\" \/>\n<script type=\"application\/ld+json\" class=\"yoast-schema-graph\">{\"@context\":\"https:\\\/\\\/schema.org\",\"@graph\":[{\"@type\":\"WebPage\",\"@id\":\"https:\\\/\\\/mysmileadvise.com\\\/mentions-legales\\\/\",\"url\":\"https:\\\/\\\/mysmileadvise.com\\\/mentions-legales\\\/\",\"name\":\"mentions l\u00e9gales - MySmileAdvise\",\"isPartOf\":{\"@id\":\"https:\\\/\\\/mysmileadvise.com\\\/#website\"},\"datePublished\":\"2022-12-20T12:16:38+00:00\",\"dateModified\":\"2024-10-04T14:25:45+00:00\",\"breadcrumb\":{\"@id\":\"https:\\\/\\\/mysmileadvise.com\\\/mentions-legales\\\/#breadcrumb\"},\"inLanguage\":\"es\",\"potentialAction\":[{\"@type\":\"ReadAction\",\"target\":[\"https:\\\/\\\/mysmileadvise.com\\\/mentions-legales\\\/\"]}]},{\"@type\":\"BreadcrumbList\",\"@id\":\"https:\\\/\\\/mysmileadvise.com\\\/mentions-legales\\\/#breadcrumb\",\"itemListElement\":[{\"@type\":\"ListItem\",\"position\":1,\"name\":\"Accueil\",\"item\":\"https:\\\/\\\/mysmileadvise.com\\\/\"},{\"@type\":\"ListItem\",\"position\":2,\"name\":\"mentions l\u00e9gales\"}]},{\"@type\":\"WebSite\",\"@id\":\"https:\\\/\\\/mysmileadvise.com\\\/#website\",\"url\":\"https:\\\/\\\/mysmileadvise.com\\\/\",\"name\":\"MySmileAdvise\",\"description\":\"My Smile Advise\",\"publisher\":{\"@id\":\"https:\\\/\\\/mysmileadvise.com\\\/#organization\"},\"potentialAction\":[{\"@type\":\"SearchAction\",\"target\":{\"@type\":\"EntryPoint\",\"urlTemplate\":\"https:\\\/\\\/mysmileadvise.com\\\/?s={search_term_string}\"},\"query-input\":{\"@type\":\"PropertyValueSpecification\",\"valueRequired\":true,\"valueName\":\"search_term_string\"}}],\"inLanguage\":\"es\"},{\"@type\":\"Organization\",\"@id\":\"https:\\\/\\\/mysmileadvise.com\\\/#organization\",\"name\":\"MySmileAdvise\",\"url\":\"https:\\\/\\\/mysmileadvise.com\\\/\",\"logo\":{\"@type\":\"ImageObject\",\"inLanguage\":\"es\",\"@id\":\"https:\\\/\\\/mysmileadvise.com\\\/#\\\/schema\\\/logo\\\/image\\\/\",\"url\":\"https:\\\/\\\/mysmileadvise.com\\\/wp-content\\\/uploads\\\/2022\\\/12\\\/Capture-decran-2022-12-14-a-16.10.10.png\",\"contentUrl\":\"https:\\\/\\\/mysmileadvise.com\\\/wp-content\\\/uploads\\\/2022\\\/12\\\/Capture-decran-2022-12-14-a-16.10.10.png\",\"width\":1634,\"height\":220,\"caption\":\"MySmileAdvise\"},\"image\":{\"@id\":\"https:\\\/\\\/mysmileadvise.com\\\/#\\\/schema\\\/logo\\\/image\\\/\"}}]}<\/script>\n<!-- \/ Yoast SEO plugin. -->","yoast_head_json":{"title":"mentions l\u00e9gales - MySmileAdvise","robots":{"index":"index","follow":"follow","max-snippet":"max-snippet:-1","max-image-preview":"max-image-preview:large","max-video-preview":"max-video-preview:-1"},"canonical":"https:\/\/mysmileadvise.com\/es\/aviso-legal\/","og_locale":"es_ES","og_type":"article","og_title":"mentions l\u00e9gales - MySmileAdvise","og_description":"Mentions l\u00e9gales Les pr\u00e9sentes Conditions G\u00e9n\u00e9rales d\u2019Utilisation ont pour objet de d\u00e9finir et r\u00e9gir l\u2019utilisation des services du site MySmileAdvise.com (ci-apr\u00e8s d\u00e9sign\u00e9 par \u00ab le site \u00bb), et les relations juridiques entre les utilisateurs du site et le site MySmileAdvise.com. Ces Conditions G\u00e9n\u00e9rales d\u2019Utilisation sont mises \u00e0 disposition des internautes par MySmileAdvise.com. L\u2019acc\u00e8s au site MySmileAdvise.com, sa consultation et son utilisation sont subordonn\u00e9s \u00e0 l\u2019acceptation sans r\u00e9serve des pr\u00e9sentes Conditions G\u00e9n\u00e9rales d\u2019Utilisation. La soci\u00e9t\u00e9 se r\u00e9serve la possibilit\u00e9 de modifier librement, \u00e0 tout moment et sans pr\u00e9avis, les pr\u00e9sentes conditions g\u00e9n\u00e9rales d\u2019utilisation afin de les adapter aux \u00e9volutions du site\u2026","og_url":"https:\/\/mysmileadvise.com\/es\/aviso-legal\/","og_site_name":"MySmileAdvise","article_modified_time":"2024-10-04T14:25:45+00:00","twitter_card":"summary_large_image","twitter_misc":{"Tiempo de lectura":"10 minutos"},"schema":{"@context":"https:\/\/schema.org","@graph":[{"@type":"WebPage","@id":"https:\/\/mysmileadvise.com\/mentions-legales\/","url":"https:\/\/mysmileadvise.com\/mentions-legales\/","name":"mentions l\u00e9gales - MySmileAdvise","isPartOf":{"@id":"https:\/\/mysmileadvise.com\/#website"},"datePublished":"2022-12-20T12:16:38+00:00","dateModified":"2024-10-04T14:25:45+00:00","breadcrumb":{"@id":"https:\/\/mysmileadvise.com\/mentions-legales\/#breadcrumb"},"inLanguage":"es","potentialAction":[{"@type":"ReadAction","target":["https:\/\/mysmileadvise.com\/mentions-legales\/"]}]},{"@type":"BreadcrumbList","@id":"https:\/\/mysmileadvise.com\/mentions-legales\/#breadcrumb","itemListElement":[{"@type":"ListItem","position":1,"name":"Accueil","item":"https:\/\/mysmileadvise.com\/"},{"@type":"ListItem","position":2,"name":"mentions l\u00e9gales"}]},{"@type":"WebSite","@id":"https:\/\/mysmileadvise.com\/#website","url":"https:\/\/mysmileadvise.com\/","name":"MySmileAdvise","description":"My Smile Advise","publisher":{"@id":"https:\/\/mysmileadvise.com\/#organization"},"potentialAction":[{"@type":"SearchAction","target":{"@type":"EntryPoint","urlTemplate":"https:\/\/mysmileadvise.com\/?s={search_term_string}"},"query-input":{"@type":"PropertyValueSpecification","valueRequired":true,"valueName":"search_term_string"}}],"inLanguage":"es"},{"@type":"Organization","@id":"https:\/\/mysmileadvise.com\/#organization","name":"MySmileAdvise","url":"https:\/\/mysmileadvise.com\/","logo":{"@type":"ImageObject","inLanguage":"es","@id":"https:\/\/mysmileadvise.com\/#\/schema\/logo\/image\/","url":"https:\/\/mysmileadvise.com\/wp-content\/uploads\/2022\/12\/Capture-decran-2022-12-14-a-16.10.10.png","contentUrl":"https:\/\/mysmileadvise.com\/wp-content\/uploads\/2022\/12\/Capture-decran-2022-12-14-a-16.10.10.png","width":1634,"height":220,"caption":"MySmileAdvise"},"image":{"@id":"https:\/\/mysmileadvise.com\/#\/schema\/logo\/image\/"}}]}},"_links":{"self":[{"href":"https:\/\/mysmileadvise.com\/es\/wp-json\/wp\/v2\/pages\/29058","targetHints":{"allow":["GET"]}}],"collection":[{"href":"https:\/\/mysmileadvise.com\/es\/wp-json\/wp\/v2\/pages"}],"about":[{"href":"https:\/\/mysmileadvise.com\/es\/wp-json\/wp\/v2\/types\/page"}],"author":[{"embeddable":true,"href":"https:\/\/mysmileadvise.com\/es\/wp-json\/wp\/v2\/users\/1"}],"replies":[{"embeddable":true,"href":"https:\/\/mysmileadvise.com\/es\/wp-json\/wp\/v2\/comments?post=29058"}],"version-history":[{"count":30,"href":"https:\/\/mysmileadvise.com\/es\/wp-json\/wp\/v2\/pages\/29058\/revisions"}],"predecessor-version":[{"id":30275,"href":"https:\/\/mysmileadvise.com\/es\/wp-json\/wp\/v2\/pages\/29058\/revisions\/30275"}],"wp:attachment":[{"href":"https:\/\/mysmileadvise.com\/es\/wp-json\/wp\/v2\/media?parent=29058"}],"curies":[{"name":"wp","href":"https:\/\/api.w.org\/{rel}","templated":true}]}}