{"id":29058,"date":"2022-12-20T13:16:38","date_gmt":"2022-12-20T12:16:38","guid":{"rendered":"https:\/\/mysmileadvise.com\/?page_id=29058"},"modified":"2024-10-04T16:25:45","modified_gmt":"2024-10-04T14:25:45","slug":"mentions-legales","status":"publish","type":"page","link":"https:\/\/mysmileadvise.com\/it\/note-legali\/","title":{"rendered":"mentions l\u00e9gales"},"content":{"rendered":"<p><style>\/*! elementor - v3.9.0 - 06-12-2022 *\/<br \/>\n.elementor-heading-title{padding:0;margin:0;line-height:1}.elementor-widget-heading .elementor-heading-title[class*=elementor-size-]>a{color:inherit;font-size:inherit;line-height:inherit}.elementor-widget-heading .elementor-heading-title.elementor-size-small{font-size:15px}.elementor-widget-heading .elementor-heading-title.elementor-size-medium{font-size:19px}.elementor-widget-heading .elementor-heading-title.elementor-size-large{font-size:29px}.elementor-widget-heading .elementor-heading-title.elementor-size-xl{font-size:39px}.elementor-widget-heading .elementor-heading-title.elementor-size-xxl{font-size:59px}<\/style><\/p>\n<h1>Informazioni legali<\/h1>\n<p>Le presenti Condizioni Generali d\u2019Uso hanno lo scopo di definire e regolare l\u2019utilizzo dei servizi del sito MySmileAdvise.com (di seguito denominato \u00ab il sito \u00bb) e le relazioni legali tra gli utenti del sito e il sito MySmileAdvise.com. Le presenti Condizioni Generali d\u2019Uso sono messe a disposizione degli utenti Internet da MySmileAdvise.com. L'accesso al sito MySmileAdvise.com, la sua consultazione e il suo utilizzo sono subordinati all'accettazione senza riserve delle presenti Condizioni Generali d\u2019Uso. La societ\u00e0 si riserva la possibilit\u00e0 di modificare liberamente, in qualsiasi momento e senza preavviso, le presenti condizioni generali d'uso al fine di adattarle alle evoluzioni del sito e\/o della sua gestione.<\/p>\n<p>Definizioni<\/p>\n<p>I termini menzionati di seguito hanno le seguenti definizioni<\/p>\n<ul>\n<li class=\" translation-block\">\"Servizi\": indica i servizi offerti dalla societ\u00e0 sul suo sito web.<\/li>\n<li class=\" translation-block\">\"Sito web\": indica il sito web MySmileAdvise.com.<\/li>\n<li class=\" translation-block\">\"Societ\u00e0\": indica la societ\u00e0 editrice del sito MySmileAdvise.com.<\/li>\n<li class=\" translation-block\">\"Utente\": indica qualsiasi persona fisica o giuridica che accede al sito MySmileAdvise.com per uso privato o professionale.<\/li>\n<\/ul>\n<p>Campo di applicazione<\/p>\n<p>Le presenti condizioni generali hanno lo scopo di definire e regolare le Condizioni Generali d\u2019Uso del sito e dei servizi offerti agli utenti. La consultazione del sito e l\u2019utilizzo dei suoi servizi sono subordinati all\u2019accettazione delle condizioni generali d\u2019uso vigenti, che implicano l\u2019accettazione senza restrizioni n\u00e9 riserve da parte dell\u2019utente. Pertanto, prima di consultare il sito, l\u2019utente deve prendere visione delle Condizioni Generali d\u2019Uso in vigore. Informiamo l\u2019utente che MySmileAdvise.com potr\u00e0 modificare in qualsiasi momento le presenti Condizioni Generali d\u2019Uso. Pertanto, le condizioni applicabili sono quelle in vigore e accessibili sul sito alla data di accesso al sito da parte dell\u2019utente. Di conseguenza, invitiamo l\u2019utente a consultare regolarmente le Condizioni Generali d\u2019Uso del sito. Le presenti Condizioni Generali d\u2019Uso sono soggette al diritto francese, indipendentemente dal luogo di utilizzo. In caso di controversia, e dopo il fallimento di qualsiasi tentativo di ricerca di una soluzione amichevole, i tribunali francesi saranno gli unici competenti per dirimere la controversia.<\/p>\n<p>I servizi disponibili<\/p>\n<p>Il sito MySmileAdvise.com consente agli utenti di ottenere consigli sull'estetica dentale e di conoscere meglio i diversi dispositivi disponibili. MySmileAdvise.com non fornisce alcun parere medico e invita fortemente i suoi utenti a consultare un dentista o un ortodontista per qualsiasi domanda relativa alla loro dentatura.<\/p>\n<p>Condizioni di accesso e disponibilit\u00e0 dei servizi<\/p>\n<p>Il sito MySmileAdvise.com e i suoi servizi sono accessibili gratuitamente a tutti gli utenti tramite una connessione Internet. MySmileAdvise.com fa tutto il possibile per consentire l'accesso al sito e ai suoi servizi 24 ore su 24 e 7 giorni su 7, salvo casi di forza maggiore o eventi al di fuori del controllo dell'azienda, e fatte salve eventuali interruzioni e interventi di manutenzione necessari per il corretto funzionamento del sito e dei servizi. Pertanto, la societ\u00e0 non pu\u00f2 garantire la disponibilit\u00e0 del sito e\/o dei servizi, l'affidabilit\u00e0 delle trasmissioni o le prestazioni in termini di tempi di risposta o qualit\u00e0. Non \u00e8 prevista alcuna assistenza tecnica all'utente, sia tramite mezzi elettronici che telefonici. La responsabilit\u00e0 della societ\u00e0 editrice di MySmileAdvise.com non pu\u00f2 essere invocata in caso di impossibilit\u00e0 di accedere al sito e\/o di utilizzare i servizi. Inoltre, MySmileAdvise.com pu\u00f2 interrompere il sito o una parte dei servizi in qualsiasi momento senza preavviso, il tutto senza diritto a indennizzi. L'utente riconosce e accetta che MySmileAdvise.com non sia responsabile delle interruzioni e delle conseguenze che ne possono derivare per l'utente o per terzi.<\/p>\n<p>Responsabilit\u00e0 dell'utente<\/p>\n<p>L'utente si impegna ad accedere e utilizzare il sito e i suoi servizi in modo ragionevole, in conformit\u00e0 con la legislazione, la normativa applicabile e le condizioni generali d'uso. Di conseguenza, l'utente non pu\u00f2 in alcun caso... <strong>:<\/strong><\/p>\n<ul>\n<li>Utilizzare il sito e i suoi servizi in modo illecito, in violazione delle normative e delle regole applicabili in vigore, e pi\u00f9 in generale, danneggiare gli interessi, la reputazione o l'immagine di MySmileAdvise.com.<\/li>\n<li>Utilizzare dispositivi o software che possano influire sul corretto funzionamento del sito e dei suoi servizi, o estrarre, duplicare o modificare tutto o parte del database del sito e dei suoi contenuti.<\/li>\n<li>Accedere al sito e ai suoi servizi per scopi illeciti che possano danneggiare la reputazione e l'immagine del sito e della societ\u00e0. A tal proposito, \u00e8 vietato diffondere o inviare qualsiasi tipo di contenuto che possa offendere, urtare gli utenti o violare i diritti di terzi e i diritti di propriet\u00e0 intellettuale.<\/li>\n<li>Riutilizzare o riprodurre tutto o parte del sito per scopi commerciali e\/o privati in modo illegale, in violazione del Codice della propriet\u00e0 intellettuale.<\/li>\n<li>Utilizzare i dati di contatto degli utenti e dei partner per scopi commerciali.<\/li>\n<\/ul>\n<p>Se fosse accertato un uso non conforme del sito da parte dell'utente, MySmileAdvise.com avrebbe la possibilit\u00e0 di negargli l'accesso totale o parziale al sito, senza preavviso.<\/p>\n<p>Garanzia di MySmileAdvise.com<\/p>\n<p>MySmileAdvise.com fornisce consigli e tecniche riguardanti l'estetica dentale. Il sito non fornisce alcun parere medico e consiglia vivamente agli utenti di consultare un dentista o un ortodontista per qualsiasi domanda. Le informazioni e\/o i documenti presenti sul sito provengono da fonti ritenute affidabili. Tuttavia, alcune informazioni e\/o documenti potrebbero contenere imprecisioni tecniche ed errori tipografici. Pertanto, \u00e8 fortemente consigliato di verificare l'accuratezza e la pertinenza delle informazioni e\/o dei documenti messi a disposizione sul sito. Le informazioni e\/o i documenti disponibili sul sito possono essere modificati in qualsiasi momento e potrebbero essere stati aggiornati. In particolare, potrebbero essere stati aggiornati tra il momento del loro download e il momento in cui l'utente li legge. Di conseguenza, MySmileAdvise.com declina ogni responsabilit\u00e0 per il contenuto delle informazioni e\/o dei documenti pubblicati e diffusi sul sito. La societ\u00e0 fa del suo meglio per aggiornare regolarmente le informazioni contenute sul sito. Non garantisce in alcun modo la conclusione di relazioni contrattuali tra gli utenti e i partner e gli inserzionisti del sito. MySmileAdvise.com non pu\u00f2 in alcun caso essere ritenuta responsabile per eventuali danni di qualsiasi natura derivanti dall'interpretazione o dall'uso delle informazioni e\/o dei documenti disponibili su questo sito.<\/p>\n<p>Limitazione di responsabilit\u00e0<\/p>\n<p>Ogni utente \u00e8 l'unico responsabile dell'uso del sito Internet e dei servizi online accessibili. Pertanto, in caso di procedimento avviato nei confronti dell'utente a causa di un uso non conforme del sito e\/o dei suoi servizi, MySmileAdvise.com non potr\u00e0 in alcun modo essere ritenuta responsabile. Il sito pu\u00f2 contenere link esterni ad altri siti presenti su Internet. Facendo clic su questi collegamenti ad altre risorse si lascer\u00e0 il sito MySmileAdvise.com. La societ\u00e0 non \u00e8 responsabile del contenuto di questi siti, n\u00e9 dei link che contengono, n\u00e9 delle modifiche o aggiornamenti effettuati. Di conseguenza, MySmileAdvise.com non potr\u00e0 essere ritenuta responsabile per danni diretti o indiretti legati a siti web esterni. L'azienda si impegna a mettere in atto tutti i mezzi necessari per garantire la continuit\u00e0 dei servizi offerti da Monforfait.ch. Tuttavia, declina ogni responsabilit\u00e0 in caso di:<\/p>\n<ul>\n<li>Indisponibilit\u00e0, guasti, malfunzionamenti, modifiche ai servizi forniti, indipendentemente dalla loro origine o provenienza.<\/li>\n<li>Indisponibilit\u00e0 del sito a causa di guasti di rete come reti elettriche o di telecomunicazioni<\/li>\n<li>Danni causati dall'Utente a seguito di un uso non conforme del sito<\/li>\n<li>Perdita di dati memorizzati e, nella misura consentita dalla legge, qualsiasi danno indiretto che possa comportare l'impossibilit\u00e0 di utilizzare i servizi del sito<\/li>\n<li>Pirateria informatica del sito che provoca danni al sito<\/li>\n<li>Solo i danni diretti subiti dai partner e dagli inserzionisti derivanti da un inadempimento degli obblighi contrattuali della societ\u00e0 (obblighi contrattuali definiti nel presente documento) potranno impegnare la responsabilit\u00e0 della suddetta societ\u00e0.<\/li>\n<\/ul>\n<p>Per quanto riguarda i danni indiretti, come la perdita di profitto, la perdita di opportunit\u00e0, i danni commerciali o finanziari, l'aumento dei costi generali o le perdite derivanti dall'esecuzione delle presenti condizioni, non potranno in alcun caso comportare la responsabilit\u00e0 della societ\u00e0. L'utente, i partner e gli inserzionisti rinunciano di conseguenza a ricercare la responsabilit\u00e0 della societ\u00e0 editrice di MySmileAdvise.com a questo riguardo.<\/p>\n<p>Propriet\u00e0 intellettuale<\/p>\n<p>La struttura generale del sito, cos\u00ec come i testi, gli slogan, i loghi, le grafiche, le immagini, i suoni e i video che lo compongono, sono di propriet\u00e0 esclusiva della societ\u00e0 che gestisce il sito. In conformit\u00e0 alle disposizioni del Codice della propriet\u00e0 intellettuale, qualsiasi rappresentazione e\/o riproduzione e\/o sfruttamento parziale o totale dei contenuti e dei servizi offerti dal sito, con qualsiasi mezzo, senza l'autorizzazione preventiva e scritta della societ\u00e0, \u00e8 severamente vietata e potrebbe costituire una violazione ai sensi degli articoli L 335-2 e seguenti del Codice della propriet\u00e0 intellettuale. Il marchio \u00abMySmileAdvise.com\u00bb \u00e8 un marchio registrato della societ\u00e0 che gestisce il sito. Allo stesso modo, il nome di dominio MySmileAdvise.com e i suoi sottodomini affiliati sono di propriet\u00e0 esclusiva della societ\u00e0. Qualsiasi rappresentazione e\/o riproduzione e\/o sfruttamento parziale o totale di questi marchi, di qualsiasi natura, \u00e8 severamente vietata. La societ\u00e0 si riserva il diritto di intraprendere azioni legali contro le persone che non avrebbero rispettato i divieti contenuti in questo articolo. I contenuti pubblicati dai partner e dagli inserzionisti del sito, come marchi, loghi, nomi commerciali, nomi di dominio, foto, testi, restano di propriet\u00e0 di questi ultimi. Pertanto, MySmileAdvise.com non detiene alcun diritto sui contenuti pubblicati dai partner o dagli inserzionisti, salvo un accordo preventivo di licenza limitata tra la societ\u00e0 e i partner e\/o inserzionisti. Pertanto, qualsiasi rappresentazione e\/o riproduzione e\/o sfruttamento parziale o totale dei contenuti pubblicati dai partner e inserzionisti del sito \u00e8 proibita. MySmileAdvise.com \u00e8 il produttore della banca dati costituita da \u00abMySmileAdvise.com\u00bb, ai sensi dell'articolo L 341-1 e seguenti del Codice della propriet\u00e0 intellettuale. Qualsiasi estrazione, riproduzione o utilizzo non espressamente autorizzato dei contenuti della banca dati pu\u00f2 comportare la responsabilit\u00e0 civile e\/o penale dell'autore. La societ\u00e0 si riserva il diritto di intraprendere azioni legali contro coloro che non rispettano questo divieto.<\/p>\n<p>Informazioni legali<\/p>\n<p class=\" translation-block\">Il sito MySmileAdvise.com \u00e8 pubblicato dalla societ\u00e0 Parking Avenue, con denominazione sociale: Parking Avenue. Parking Avenue \u00e8 una SAS con un capitale di 20.000 euro, registrata presso il RCS di Laval con il numero 804 337 517. La sede della societ\u00e0 si trova in Francia a 53000 LAVAL, 24 rue Saint Mathurin. Questo sito \u00e8 ospitato dalla societ\u00e0 Infomaniak \u2013 Ginevra, Svizzera.<\/p>\n\n\n<div style=\"height:30px\" aria-hidden=\"true\" class=\"wp-block-spacer\"><\/div>","protected":false},"excerpt":{"rendered":"<p>Mentions l\u00e9gales Les pr\u00e9sentes Conditions G\u00e9n\u00e9rales d\u2019Utilisation ont pour objet de d\u00e9finir et r\u00e9gir l\u2019utilisation des services du site MySmileAdvise.com (ci-apr\u00e8s d\u00e9sign\u00e9 par \u00ab le site \u00bb), et les relations juridiques entre les utilisateurs du site et le site MySmileAdvise.com. Ces Conditions G\u00e9n\u00e9rales d\u2019Utilisation sont mises \u00e0 disposition des internautes par MySmileAdvise.com. L\u2019acc\u00e8s au site MySmileAdvise.com, sa consultation et son utilisation sont subordonn\u00e9s \u00e0 l\u2019acceptation sans r\u00e9serve des pr\u00e9sentes Conditions G\u00e9n\u00e9rales d\u2019Utilisation. La soci\u00e9t\u00e9 se r\u00e9serve la possibilit\u00e9 de modifier librement, \u00e0 tout moment et sans pr\u00e9avis, les pr\u00e9sentes conditions g\u00e9n\u00e9rales d\u2019utilisation afin de les adapter aux \u00e9volutions du site\u2026<\/p>","protected":false},"author":1,"featured_media":0,"parent":0,"menu_order":0,"comment_status":"closed","ping_status":"closed","template":"","meta":{"_crdt_document":"","footnotes":""},"class_list":["post-29058","page","type-page","status-publish","hentry"],"blocksy_meta":{"has_hero_section":"disabled","vertical_spacing_source":"custom","content_area_spacing":"none"},"yoast_head":"<!-- This site is optimized with the Yoast SEO plugin v27.5 - https:\/\/yoast.com\/product\/yoast-seo-wordpress\/ -->\n<title>mentions l\u00e9gales - MySmileAdvise<\/title>\n<meta name=\"robots\" content=\"index, follow, max-snippet:-1, max-image-preview:large, max-video-preview:-1\" \/>\n<link rel=\"canonical\" href=\"https:\/\/mysmileadvise.com\/it\/note-legali\/\" \/>\n<meta property=\"og:locale\" content=\"it_IT\" \/>\n<meta property=\"og:type\" content=\"article\" \/>\n<meta property=\"og:title\" content=\"mentions l\u00e9gales - MySmileAdvise\" \/>\n<meta property=\"og:description\" content=\"Mentions l\u00e9gales Les pr\u00e9sentes Conditions G\u00e9n\u00e9rales d\u2019Utilisation ont pour objet de d\u00e9finir et r\u00e9gir l\u2019utilisation des services du site MySmileAdvise.com (ci-apr\u00e8s d\u00e9sign\u00e9 par \u00ab le site \u00bb), et les relations juridiques entre les utilisateurs du site et le site MySmileAdvise.com. Ces Conditions G\u00e9n\u00e9rales d\u2019Utilisation sont mises \u00e0 disposition des internautes par MySmileAdvise.com. L\u2019acc\u00e8s au site MySmileAdvise.com, sa consultation et son utilisation sont subordonn\u00e9s \u00e0 l\u2019acceptation sans r\u00e9serve des pr\u00e9sentes Conditions G\u00e9n\u00e9rales d\u2019Utilisation. La soci\u00e9t\u00e9 se r\u00e9serve la possibilit\u00e9 de modifier librement, \u00e0 tout moment et sans pr\u00e9avis, les pr\u00e9sentes conditions g\u00e9n\u00e9rales d\u2019utilisation afin de les adapter aux \u00e9volutions du site\u2026\" \/>\n<meta property=\"og:url\" content=\"https:\/\/mysmileadvise.com\/it\/note-legali\/\" \/>\n<meta property=\"og:site_name\" content=\"MySmileAdvise\" \/>\n<meta property=\"article:modified_time\" content=\"2024-10-04T14:25:45+00:00\" \/>\n<meta name=\"twitter:card\" content=\"summary_large_image\" \/>\n<meta name=\"twitter:label1\" content=\"Tempo di lettura stimato\" \/>\n\t<meta name=\"twitter:data1\" content=\"10 minuti\" \/>\n<script type=\"application\/ld+json\" class=\"yoast-schema-graph\">{\"@context\":\"https:\\\/\\\/schema.org\",\"@graph\":[{\"@type\":\"WebPage\",\"@id\":\"https:\\\/\\\/mysmileadvise.com\\\/mentions-legales\\\/\",\"url\":\"https:\\\/\\\/mysmileadvise.com\\\/mentions-legales\\\/\",\"name\":\"mentions l\u00e9gales - MySmileAdvise\",\"isPartOf\":{\"@id\":\"https:\\\/\\\/mysmileadvise.com\\\/#website\"},\"datePublished\":\"2022-12-20T12:16:38+00:00\",\"dateModified\":\"2024-10-04T14:25:45+00:00\",\"breadcrumb\":{\"@id\":\"https:\\\/\\\/mysmileadvise.com\\\/mentions-legales\\\/#breadcrumb\"},\"inLanguage\":\"it-IT\",\"potentialAction\":[{\"@type\":\"ReadAction\",\"target\":[\"https:\\\/\\\/mysmileadvise.com\\\/mentions-legales\\\/\"]}]},{\"@type\":\"BreadcrumbList\",\"@id\":\"https:\\\/\\\/mysmileadvise.com\\\/mentions-legales\\\/#breadcrumb\",\"itemListElement\":[{\"@type\":\"ListItem\",\"position\":1,\"name\":\"Accueil\",\"item\":\"https:\\\/\\\/mysmileadvise.com\\\/\"},{\"@type\":\"ListItem\",\"position\":2,\"name\":\"mentions l\u00e9gales\"}]},{\"@type\":\"WebSite\",\"@id\":\"https:\\\/\\\/mysmileadvise.com\\\/#website\",\"url\":\"https:\\\/\\\/mysmileadvise.com\\\/\",\"name\":\"MySmileAdvise\",\"description\":\"My Smile Advise\",\"publisher\":{\"@id\":\"https:\\\/\\\/mysmileadvise.com\\\/#organization\"},\"potentialAction\":[{\"@type\":\"SearchAction\",\"target\":{\"@type\":\"EntryPoint\",\"urlTemplate\":\"https:\\\/\\\/mysmileadvise.com\\\/?s={search_term_string}\"},\"query-input\":{\"@type\":\"PropertyValueSpecification\",\"valueRequired\":true,\"valueName\":\"search_term_string\"}}],\"inLanguage\":\"it-IT\"},{\"@type\":\"Organization\",\"@id\":\"https:\\\/\\\/mysmileadvise.com\\\/#organization\",\"name\":\"MySmileAdvise\",\"url\":\"https:\\\/\\\/mysmileadvise.com\\\/\",\"logo\":{\"@type\":\"ImageObject\",\"inLanguage\":\"it-IT\",\"@id\":\"https:\\\/\\\/mysmileadvise.com\\\/#\\\/schema\\\/logo\\\/image\\\/\",\"url\":\"https:\\\/\\\/mysmileadvise.com\\\/wp-content\\\/uploads\\\/2022\\\/12\\\/Capture-decran-2022-12-14-a-16.10.10.png\",\"contentUrl\":\"https:\\\/\\\/mysmileadvise.com\\\/wp-content\\\/uploads\\\/2022\\\/12\\\/Capture-decran-2022-12-14-a-16.10.10.png\",\"width\":1634,\"height\":220,\"caption\":\"MySmileAdvise\"},\"image\":{\"@id\":\"https:\\\/\\\/mysmileadvise.com\\\/#\\\/schema\\\/logo\\\/image\\\/\"}}]}<\/script>\n<!-- \/ Yoast SEO plugin. -->","yoast_head_json":{"title":"mentions l\u00e9gales - MySmileAdvise","robots":{"index":"index","follow":"follow","max-snippet":"max-snippet:-1","max-image-preview":"max-image-preview:large","max-video-preview":"max-video-preview:-1"},"canonical":"https:\/\/mysmileadvise.com\/it\/note-legali\/","og_locale":"it_IT","og_type":"article","og_title":"mentions l\u00e9gales - MySmileAdvise","og_description":"Mentions l\u00e9gales Les pr\u00e9sentes Conditions G\u00e9n\u00e9rales d\u2019Utilisation ont pour objet de d\u00e9finir et r\u00e9gir l\u2019utilisation des services du site MySmileAdvise.com (ci-apr\u00e8s d\u00e9sign\u00e9 par \u00ab le site \u00bb), et les relations juridiques entre les utilisateurs du site et le site MySmileAdvise.com. Ces Conditions G\u00e9n\u00e9rales d\u2019Utilisation sont mises \u00e0 disposition des internautes par MySmileAdvise.com. L\u2019acc\u00e8s au site MySmileAdvise.com, sa consultation et son utilisation sont subordonn\u00e9s \u00e0 l\u2019acceptation sans r\u00e9serve des pr\u00e9sentes Conditions G\u00e9n\u00e9rales d\u2019Utilisation. La soci\u00e9t\u00e9 se r\u00e9serve la possibilit\u00e9 de modifier librement, \u00e0 tout moment et sans pr\u00e9avis, les pr\u00e9sentes conditions g\u00e9n\u00e9rales d\u2019utilisation afin de les adapter aux \u00e9volutions du site\u2026","og_url":"https:\/\/mysmileadvise.com\/it\/note-legali\/","og_site_name":"MySmileAdvise","article_modified_time":"2024-10-04T14:25:45+00:00","twitter_card":"summary_large_image","twitter_misc":{"Tempo di lettura stimato":"10 minuti"},"schema":{"@context":"https:\/\/schema.org","@graph":[{"@type":"WebPage","@id":"https:\/\/mysmileadvise.com\/mentions-legales\/","url":"https:\/\/mysmileadvise.com\/mentions-legales\/","name":"mentions l\u00e9gales - MySmileAdvise","isPartOf":{"@id":"https:\/\/mysmileadvise.com\/#website"},"datePublished":"2022-12-20T12:16:38+00:00","dateModified":"2024-10-04T14:25:45+00:00","breadcrumb":{"@id":"https:\/\/mysmileadvise.com\/mentions-legales\/#breadcrumb"},"inLanguage":"it-IT","potentialAction":[{"@type":"ReadAction","target":["https:\/\/mysmileadvise.com\/mentions-legales\/"]}]},{"@type":"BreadcrumbList","@id":"https:\/\/mysmileadvise.com\/mentions-legales\/#breadcrumb","itemListElement":[{"@type":"ListItem","position":1,"name":"Accueil","item":"https:\/\/mysmileadvise.com\/"},{"@type":"ListItem","position":2,"name":"mentions l\u00e9gales"}]},{"@type":"WebSite","@id":"https:\/\/mysmileadvise.com\/#website","url":"https:\/\/mysmileadvise.com\/","name":"MySmileAdvise","description":"My Smile Advise","publisher":{"@id":"https:\/\/mysmileadvise.com\/#organization"},"potentialAction":[{"@type":"SearchAction","target":{"@type":"EntryPoint","urlTemplate":"https:\/\/mysmileadvise.com\/?s={search_term_string}"},"query-input":{"@type":"PropertyValueSpecification","valueRequired":true,"valueName":"search_term_string"}}],"inLanguage":"it-IT"},{"@type":"Organization","@id":"https:\/\/mysmileadvise.com\/#organization","name":"MySmileAdvise","url":"https:\/\/mysmileadvise.com\/","logo":{"@type":"ImageObject","inLanguage":"it-IT","@id":"https:\/\/mysmileadvise.com\/#\/schema\/logo\/image\/","url":"https:\/\/mysmileadvise.com\/wp-content\/uploads\/2022\/12\/Capture-decran-2022-12-14-a-16.10.10.png","contentUrl":"https:\/\/mysmileadvise.com\/wp-content\/uploads\/2022\/12\/Capture-decran-2022-12-14-a-16.10.10.png","width":1634,"height":220,"caption":"MySmileAdvise"},"image":{"@id":"https:\/\/mysmileadvise.com\/#\/schema\/logo\/image\/"}}]}},"_links":{"self":[{"href":"https:\/\/mysmileadvise.com\/it\/wp-json\/wp\/v2\/pages\/29058","targetHints":{"allow":["GET"]}}],"collection":[{"href":"https:\/\/mysmileadvise.com\/it\/wp-json\/wp\/v2\/pages"}],"about":[{"href":"https:\/\/mysmileadvise.com\/it\/wp-json\/wp\/v2\/types\/page"}],"author":[{"embeddable":true,"href":"https:\/\/mysmileadvise.com\/it\/wp-json\/wp\/v2\/users\/1"}],"replies":[{"embeddable":true,"href":"https:\/\/mysmileadvise.com\/it\/wp-json\/wp\/v2\/comments?post=29058"}],"version-history":[{"count":30,"href":"https:\/\/mysmileadvise.com\/it\/wp-json\/wp\/v2\/pages\/29058\/revisions"}],"predecessor-version":[{"id":30275,"href":"https:\/\/mysmileadvise.com\/it\/wp-json\/wp\/v2\/pages\/29058\/revisions\/30275"}],"wp:attachment":[{"href":"https:\/\/mysmileadvise.com\/it\/wp-json\/wp\/v2\/media?parent=29058"}],"curies":[{"name":"wp","href":"https:\/\/api.w.org\/{rel}","templated":true}]}}