{"id":3,"date":"2022-12-08T14:31:54","date_gmt":"2022-12-08T14:31:54","guid":{"rendered":"https:\/\/mysmileadvise.com\/?page_id=3"},"modified":"2024-10-04T16:53:15","modified_gmt":"2024-10-04T14:53:15","slug":"privacy-policy","status":"publish","type":"page","link":"https:\/\/mysmileadvise.com\/it\/privacy-policy\/","title":{"rendered":"Politica sulla privacy"},"content":{"rendered":"<p><style>\/*! elementor - v3.9.0 - 06-12-2022 *\/<br \/>\n.elementor-heading-title{padding:0;margin:0;line-height:1}.elementor-widget-heading .elementor-heading-title[class*=elementor-size-]>a{color:inherit;font-size:inherit;line-height:inherit}.elementor-widget-heading .elementor-heading-title.elementor-size-small{font-size:15px}.elementor-widget-heading .elementor-heading-title.elementor-size-medium{font-size:19px}.elementor-widget-heading .elementor-heading-title.elementor-size-large{font-size:29px}.elementor-widget-heading .elementor-heading-title.elementor-size-xl{font-size:39px}.elementor-widget-heading .elementor-heading-title.elementor-size-xxl{font-size:59px}<\/style><\/p>\n<h1>Politica sulla privacy<\/h1>\n<p>La politica sulla privacy del sito MySmileAdvise.com definisce il trattamento delle informazioni personali quando navighi sul sito e sui suoi servizi. Questa politica sulla privacy pu\u00f2 evolversi nel tempo e entra in vigore il giorno della sua pubblicazione online, motivo per cui invitiamo gli utenti del sito a consultarla regolarmente.<\/p>\n<p>La navigation sur le site et l\u2019utilisation des services associ\u00e9s impliquent la collecte et la conservation de donn\u00e9es personnelles, dont l\u2019objectif est d\u2019offrir \u00e0 l\u2019utilisateur une navigation facilit\u00e9e et optimis\u00e9e. MySmileAdvise.com\u00a0assure mettre tout en oeuvre afin de maintenir ces informations confidentielles et de les s\u00e9curiser contre tout acc\u00e8s non autoris\u00e9s ou utilisations prohib\u00e9es. Nous assurons l\u2019utilisateur que le traitement des donn\u00e9es personnelles se fait en conformit\u00e9 avec la loi fran\u00e7aise informatique et libert\u00e9. A ce titre, la soci\u00e9t\u00e9 \u00e9ditrice du site a d\u00e9clar\u00e9 le traitement de Donn\u00e9es personnelles aupr\u00e8s de la CNIL (Commission nationale de l\u2019informatique et des libert\u00e9s) qui l\u2019a enregistr\u00e9 sous le num\u00e9ro 1826705v0.<\/p>\n<h3>Information concernant les cookies<\/h3>\n<p>Un cookie est un fichier texte \u00e9mis par le site permettant d\u2019identifier votre terminal dans lequel il est enregistr\u00e9 pour une dur\u00e9e limit\u00e9e. Il contient des informations relatives \u00e0 la navigation de votre terminal sur le site. Les cookies sont stock\u00e9s sur votre terminal (ordinateur, tablette, Smartphone) dans un espace d\u00e9di\u00e9 de votre disque dur.<\/p>\n<p>Les cookies dits de fonctionnalit\u00e9s :<\/p>\n<p>Il s\u2019agit de cookies n\u00e9cessaires \u00e0 l\u2019utilisation de notre site et de ses services. En particulier, les cookies permettent de faciliter votre navigation sur le site et permettre certaines fonctionnalit\u00e9s.<\/p>\n<p>Par exemple, les cookies permettent d\u2019adapter l\u2019affichage du site en fonction de votre terminal, pr\u00e9s\u00e9lectionner la langue utilis\u00e9e en fonction de votre adresse de localisation, ou encore vous localiser en prenant en compte les donn\u00e9es de localisation de votre terminal via votre adresse IP afin d\u2019am\u00e9liorer votre navigation. Les cookies permettent \u00e9galement \u00e0 nos partenaires et annonceurs de voir si vous avez consult\u00e9 leurs sites, de voir \u00e9galement si via notre site web vous avez consult\u00e9 les liens externes vers les sites des op\u00e9rateurs t\u00e9l\u00e9phoniques et effectu\u00e9 des achats.<\/p>\n<p>Les cookies dits de mesure d\u2019audience :<\/p>\n<p>Dans le but d\u2019am\u00e9liorer l\u2019ergonomie et les fonctions du site, nous \u00e9mettons des cookies de mesure d\u2019audience permettant de mesurer l\u2019audience de telle page ou tel service. Strictement confidentiel, ces cookies ont l\u2019unique objet de nous fournir des informations statistiques et conna\u00eetre les volumes de fr\u00e9quentation des diff\u00e9rentes pages et rubriques du site.<\/p>\n<p>Les cookies dits de r\u00e9seaux sociaux :<\/p>\n<p>Ces cookies permettent de partager des contenus de notre site avec d\u2019autres personnes sur les r\u00e9seaux sociaux. Les boutons tels que \u00ab partager \u00bb ou \u00ab j aime \u00bb sont fournis par les r\u00e9seaux sociaux tels que Facebook ou Twitter qui sont susceptibles de vous identifier automatiquement et ainsi diffuser via vos propres comptes les informations souhait\u00e9es. Afin de conna\u00eetre leurs conditions d\u2019utilisations et de leurs Politique de confidentialit\u00e9, nous vous invitons \u00e0 les consulter sur leurs sites.<\/p>\n<p>Comment Supprimer les cookies :<\/p>\n<p>Lors de votre navigation sur Monforfait.ch, vous consentez \u00e0 l\u2019utilisation des cookies pr\u00e9cit\u00e9s. N\u00e9anmoins vous pouvez choisir \u00e0 tout moment de d\u00e9sactiver tout ou partie de ces Cookies, except\u00e9 les cookies dits de fonctionnalit\u00e9s qui sont n\u00e9cessaires au bon fonctionnement du site. Votre navigateur peut \u00e9galement \u00eatre param\u00e9tr\u00e9 pour vous signaler les cookies qui sont d\u00e9pos\u00e9s dans votre terminal et vous demander de les accepter ou non. Attention, si votre navigateur est configur\u00e9 de mani\u00e8re \u00e0 refuser l\u2019ensemble des cookies, vous ne pourrez pas profiter de l\u2019ensemble des services propos\u00e9s par notre site.<\/p>\n<p>D\u00e9sactiver les cookies sur Internet Explorer :<\/p>\n<p>Dans Internet Explorer, cliquez sur le bouton \u00ab Outils \u00bb, puis sur \u00ab Options Internet \u00bb. Ensuite dans l\u2019onglet \u00ab G\u00e9n\u00e9ral \u00bb, sous \u00ab Historique de navigation \u00bb, cliquez sur \u00ab Param\u00e8tres \u00bb. Puis cliquez sur le bouton \u00ab Afficher les fichiers \u00bb. Cliquez sur l\u2019en-t\u00eate de colonne \u00ab Nom \u00bb pour trier tous les fichiers dans l\u2019ordre alphab\u00e9tique, puis parcourez la liste jusqu\u2019\u00e0 ce que vous voyez des fichiers commen\u00e7ant par le pr\u00e9fixe \u00ab Cookie \u00bb.<\/p>\n\n\n<div style=\"height:30px\" aria-hidden=\"true\" class=\"wp-block-spacer\"><\/div>","protected":false},"excerpt":{"rendered":"<p>Politique de confidentialit\u00e9 La politique de confidentialit\u00e9 du site MySmileAdvise.com d\u00e9finit le traitement des informations personnelles lorsque vous naviguez sur le site et ses services. Cette politique de confidentialit\u00e9 est susceptible d\u2019\u00e9voluer dans le temps et prend effet le jour de sa mise en ligne, c\u2019est pourquoi nous invitons les utilisateurs du site a r\u00e9guli\u00e8rement consulter ces derni\u00e8res. La navigation sur le site et l\u2019utilisation des services associ\u00e9s impliquent la collecte et la conservation de donn\u00e9es personnelles, dont l\u2019objectif est d\u2019offrir \u00e0 l\u2019utilisateur une navigation facilit\u00e9e et optimis\u00e9e. MySmileAdvise.com\u00a0assure mettre tout en oeuvre afin de maintenir ces informations confidentielles et\u2026<\/p>","protected":false},"author":1,"featured_media":0,"parent":0,"menu_order":0,"comment_status":"closed","ping_status":"open","template":"","meta":{"_crdt_document":"","footnotes":""},"class_list":["post-3","page","type-page","status-publish","hentry"],"blocksy_meta":{"has_hero_section":"disabled","vertical_spacing_source":"custom","content_area_spacing":"none"},"yoast_head":"<!-- This site is optimized with the Yoast SEO plugin v27.5 - https:\/\/yoast.com\/product\/yoast-seo-wordpress\/ -->\n<title>Privacy Policy - MySmileAdvise<\/title>\n<meta name=\"robots\" content=\"index, follow, max-snippet:-1, max-image-preview:large, max-video-preview:-1\" \/>\n<link rel=\"canonical\" href=\"https:\/\/mysmileadvise.com\/it\/privacy-policy\/\" \/>\n<meta property=\"og:locale\" content=\"it_IT\" \/>\n<meta property=\"og:type\" content=\"article\" \/>\n<meta property=\"og:title\" content=\"Privacy Policy - MySmileAdvise\" \/>\n<meta property=\"og:description\" content=\"Politique de confidentialit\u00e9 La politique de confidentialit\u00e9 du site MySmileAdvise.com d\u00e9finit le traitement des informations personnelles lorsque vous naviguez sur le site et ses services. Cette politique de confidentialit\u00e9 est susceptible d\u2019\u00e9voluer dans le temps et prend effet le jour de sa mise en ligne, c\u2019est pourquoi nous invitons les utilisateurs du site a r\u00e9guli\u00e8rement consulter ces derni\u00e8res. La navigation sur le site et l\u2019utilisation des services associ\u00e9s impliquent la collecte et la conservation de donn\u00e9es personnelles, dont l\u2019objectif est d\u2019offrir \u00e0 l\u2019utilisateur une navigation facilit\u00e9e et optimis\u00e9e. MySmileAdvise.com\u00a0assure mettre tout en oeuvre afin de maintenir ces informations confidentielles et\u2026\" \/>\n<meta property=\"og:url\" content=\"https:\/\/mysmileadvise.com\/it\/privacy-policy\/\" \/>\n<meta property=\"og:site_name\" content=\"MySmileAdvise\" \/>\n<meta property=\"article:modified_time\" content=\"2024-10-04T14:53:15+00:00\" \/>\n<meta name=\"twitter:card\" content=\"summary_large_image\" \/>\n<meta name=\"twitter:label1\" content=\"Tempo di lettura stimato\" \/>\n\t<meta name=\"twitter:data1\" content=\"4 minuti\" \/>\n<script type=\"application\/ld+json\" class=\"yoast-schema-graph\">{\"@context\":\"https:\\\/\\\/schema.org\",\"@graph\":[{\"@type\":\"WebPage\",\"@id\":\"https:\\\/\\\/mysmileadvise.com\\\/privacy-policy\\\/\",\"url\":\"https:\\\/\\\/mysmileadvise.com\\\/privacy-policy\\\/\",\"name\":\"Privacy Policy - MySmileAdvise\",\"isPartOf\":{\"@id\":\"https:\\\/\\\/mysmileadvise.com\\\/#website\"},\"datePublished\":\"2022-12-08T14:31:54+00:00\",\"dateModified\":\"2024-10-04T14:53:15+00:00\",\"breadcrumb\":{\"@id\":\"https:\\\/\\\/mysmileadvise.com\\\/privacy-policy\\\/#breadcrumb\"},\"inLanguage\":\"it-IT\",\"potentialAction\":[{\"@type\":\"ReadAction\",\"target\":[\"https:\\\/\\\/mysmileadvise.com\\\/privacy-policy\\\/\"]}]},{\"@type\":\"BreadcrumbList\",\"@id\":\"https:\\\/\\\/mysmileadvise.com\\\/privacy-policy\\\/#breadcrumb\",\"itemListElement\":[{\"@type\":\"ListItem\",\"position\":1,\"name\":\"Accueil\",\"item\":\"https:\\\/\\\/mysmileadvise.com\\\/\"},{\"@type\":\"ListItem\",\"position\":2,\"name\":\"Privacy Policy\"}]},{\"@type\":\"WebSite\",\"@id\":\"https:\\\/\\\/mysmileadvise.com\\\/#website\",\"url\":\"https:\\\/\\\/mysmileadvise.com\\\/\",\"name\":\"MySmileAdvise\",\"description\":\"My Smile Advise\",\"publisher\":{\"@id\":\"https:\\\/\\\/mysmileadvise.com\\\/#organization\"},\"potentialAction\":[{\"@type\":\"SearchAction\",\"target\":{\"@type\":\"EntryPoint\",\"urlTemplate\":\"https:\\\/\\\/mysmileadvise.com\\\/?s={search_term_string}\"},\"query-input\":{\"@type\":\"PropertyValueSpecification\",\"valueRequired\":true,\"valueName\":\"search_term_string\"}}],\"inLanguage\":\"it-IT\"},{\"@type\":\"Organization\",\"@id\":\"https:\\\/\\\/mysmileadvise.com\\\/#organization\",\"name\":\"MySmileAdvise\",\"url\":\"https:\\\/\\\/mysmileadvise.com\\\/\",\"logo\":{\"@type\":\"ImageObject\",\"inLanguage\":\"it-IT\",\"@id\":\"https:\\\/\\\/mysmileadvise.com\\\/#\\\/schema\\\/logo\\\/image\\\/\",\"url\":\"https:\\\/\\\/mysmileadvise.com\\\/wp-content\\\/uploads\\\/2022\\\/12\\\/Capture-decran-2022-12-14-a-16.10.10.png\",\"contentUrl\":\"https:\\\/\\\/mysmileadvise.com\\\/wp-content\\\/uploads\\\/2022\\\/12\\\/Capture-decran-2022-12-14-a-16.10.10.png\",\"width\":1634,\"height\":220,\"caption\":\"MySmileAdvise\"},\"image\":{\"@id\":\"https:\\\/\\\/mysmileadvise.com\\\/#\\\/schema\\\/logo\\\/image\\\/\"}}]}<\/script>\n<!-- \/ Yoast SEO plugin. -->","yoast_head_json":{"title":"Privacy Policy - MySmileAdvise","robots":{"index":"index","follow":"follow","max-snippet":"max-snippet:-1","max-image-preview":"max-image-preview:large","max-video-preview":"max-video-preview:-1"},"canonical":"https:\/\/mysmileadvise.com\/it\/privacy-policy\/","og_locale":"it_IT","og_type":"article","og_title":"Privacy Policy - MySmileAdvise","og_description":"Politique de confidentialit\u00e9 La politique de confidentialit\u00e9 du site MySmileAdvise.com d\u00e9finit le traitement des informations personnelles lorsque vous naviguez sur le site et ses services. Cette politique de confidentialit\u00e9 est susceptible d\u2019\u00e9voluer dans le temps et prend effet le jour de sa mise en ligne, c\u2019est pourquoi nous invitons les utilisateurs du site a r\u00e9guli\u00e8rement consulter ces derni\u00e8res. La navigation sur le site et l\u2019utilisation des services associ\u00e9s impliquent la collecte et la conservation de donn\u00e9es personnelles, dont l\u2019objectif est d\u2019offrir \u00e0 l\u2019utilisateur une navigation facilit\u00e9e et optimis\u00e9e. MySmileAdvise.com\u00a0assure mettre tout en oeuvre afin de maintenir ces informations confidentielles et\u2026","og_url":"https:\/\/mysmileadvise.com\/it\/privacy-policy\/","og_site_name":"MySmileAdvise","article_modified_time":"2024-10-04T14:53:15+00:00","twitter_card":"summary_large_image","twitter_misc":{"Tempo di lettura stimato":"4 minuti"},"schema":{"@context":"https:\/\/schema.org","@graph":[{"@type":"WebPage","@id":"https:\/\/mysmileadvise.com\/privacy-policy\/","url":"https:\/\/mysmileadvise.com\/privacy-policy\/","name":"Privacy Policy - MySmileAdvise","isPartOf":{"@id":"https:\/\/mysmileadvise.com\/#website"},"datePublished":"2022-12-08T14:31:54+00:00","dateModified":"2024-10-04T14:53:15+00:00","breadcrumb":{"@id":"https:\/\/mysmileadvise.com\/privacy-policy\/#breadcrumb"},"inLanguage":"it-IT","potentialAction":[{"@type":"ReadAction","target":["https:\/\/mysmileadvise.com\/privacy-policy\/"]}]},{"@type":"BreadcrumbList","@id":"https:\/\/mysmileadvise.com\/privacy-policy\/#breadcrumb","itemListElement":[{"@type":"ListItem","position":1,"name":"Accueil","item":"https:\/\/mysmileadvise.com\/"},{"@type":"ListItem","position":2,"name":"Privacy Policy"}]},{"@type":"WebSite","@id":"https:\/\/mysmileadvise.com\/#website","url":"https:\/\/mysmileadvise.com\/","name":"MySmileAdvise","description":"My Smile Advise","publisher":{"@id":"https:\/\/mysmileadvise.com\/#organization"},"potentialAction":[{"@type":"SearchAction","target":{"@type":"EntryPoint","urlTemplate":"https:\/\/mysmileadvise.com\/?s={search_term_string}"},"query-input":{"@type":"PropertyValueSpecification","valueRequired":true,"valueName":"search_term_string"}}],"inLanguage":"it-IT"},{"@type":"Organization","@id":"https:\/\/mysmileadvise.com\/#organization","name":"MySmileAdvise","url":"https:\/\/mysmileadvise.com\/","logo":{"@type":"ImageObject","inLanguage":"it-IT","@id":"https:\/\/mysmileadvise.com\/#\/schema\/logo\/image\/","url":"https:\/\/mysmileadvise.com\/wp-content\/uploads\/2022\/12\/Capture-decran-2022-12-14-a-16.10.10.png","contentUrl":"https:\/\/mysmileadvise.com\/wp-content\/uploads\/2022\/12\/Capture-decran-2022-12-14-a-16.10.10.png","width":1634,"height":220,"caption":"MySmileAdvise"},"image":{"@id":"https:\/\/mysmileadvise.com\/#\/schema\/logo\/image\/"}}]}},"_links":{"self":[{"href":"https:\/\/mysmileadvise.com\/it\/wp-json\/wp\/v2\/pages\/3","targetHints":{"allow":["GET"]}}],"collection":[{"href":"https:\/\/mysmileadvise.com\/it\/wp-json\/wp\/v2\/pages"}],"about":[{"href":"https:\/\/mysmileadvise.com\/it\/wp-json\/wp\/v2\/types\/page"}],"author":[{"embeddable":true,"href":"https:\/\/mysmileadvise.com\/it\/wp-json\/wp\/v2\/users\/1"}],"replies":[{"embeddable":true,"href":"https:\/\/mysmileadvise.com\/it\/wp-json\/wp\/v2\/comments?post=3"}],"version-history":[{"count":10,"href":"https:\/\/mysmileadvise.com\/it\/wp-json\/wp\/v2\/pages\/3\/revisions"}],"predecessor-version":[{"id":30276,"href":"https:\/\/mysmileadvise.com\/it\/wp-json\/wp\/v2\/pages\/3\/revisions\/30276"}],"wp:attachment":[{"href":"https:\/\/mysmileadvise.com\/it\/wp-json\/wp\/v2\/media?parent=3"}],"curies":[{"name":"wp","href":"https:\/\/api.w.org\/{rel}","templated":true}]}}