{"id":45,"date":"2017-02-16T09:17:12","date_gmt":"2017-02-16T08:17:12","guid":{"rendered":"http:\/\/mxajfmgl.preview.infomaniak.website\/?page_id=45"},"modified":"2023-01-18T11:39:46","modified_gmt":"2023-01-18T10:39:46","slug":"contact","status":"publish","type":"page","link":"https:\/\/mysmileadvise.com\/nl\/contact\/","title":{"rendered":"CONTACT"},"content":{"rendered":"<div data-elementor-type=\"wp-page\" data-elementor-id=\"45\" class=\"elementor elementor-45\">\n\t\t\t\t\t\t<section class=\"elementor-section elementor-top-section elementor-element elementor-element-32f8a0c4 elementor-section-boxed elementor-section-height-default elementor-section-height-default\" data-id=\"32f8a0c4\" data-element_type=\"section\">\n\t\t\t\t\t\t<div class=\"elementor-container elementor-column-gap-default\">\n\t\t\t\t\t<div class=\"elementor-column elementor-col-50 elementor-top-column elementor-element elementor-element-6ee18719\" data-id=\"6ee18719\" data-element_type=\"column\">\n\t\t\t<div class=\"elementor-widget-wrap elementor-element-populated\">\n\t\t\t\t\t\t<div class=\"elementor-element elementor-element-3fa83b7 elementor-widget elementor-widget-heading\" data-id=\"3fa83b7\" data-element_type=\"widget\" data-widget_type=\"heading.default\">\n\t\t\t\t<div class=\"elementor-widget-container\">\n\t\t\t<h2 class=\"elementor-heading-title elementor-size-default\">Contact<\/h2>\t\t<\/div>\n\t\t\t\t<\/div>\n\t\t\t\t<div class=\"elementor-element elementor-element-84661e9 elementor-button-align-stretch elementor-widget elementor-widget-form\" data-id=\"84661e9\" data-element_type=\"widget\" data-settings=\"{&quot;step_next_label&quot;:&quot;Suivant&quot;,&quot;step_previous_label&quot;:&quot;Pr\\u00e9c\\u00e9dent&quot;,&quot;button_width&quot;:&quot;100&quot;,&quot;step_type&quot;:&quot;number_text&quot;,&quot;step_icon_shape&quot;:&quot;circle&quot;}\" data-widget_type=\"form.default\">\n\t\t\t\t<div class=\"elementor-widget-container\">\n\t\t\t\t\t<form class=\"elementor-form\" method=\"post\" name=\"Nouveau formulaire\" action=\"\">\n\t\t\t<input type=\"hidden\" name=\"post_id\" value=\"45\"\/>\n\t\t\t<input type=\"hidden\" name=\"form_id\" value=\"84661e9\"\/>\n\t\t\t<input type=\"hidden\" name=\"referer_title\" value=\"MySmileAdvise\" \/>\n\n\t\t\t\n\t\t\t<div class=\"elementor-form-fields-wrapper elementor-labels-above\">\n\t\t\t\t\t\t\t\t<div class=\"elementor-field-type-text elementor-field-group elementor-column elementor-field-group-name elementor-col-100\">\n\t\t\t\t\t\t\t\t\t\t\t\t<label for=\"form-field-name\" class=\"elementor-field-label\">\n\t\t\t\t\t\t\t\tNom\t\t\t\t\t\t\t<\/label>\n\t\t\t\t\t\t\t\t\t\t\t\t\t\t<input size=\"1\" type=\"text\" name=\"form_fields[name]\" id=\"form-field-name\" class=\"elementor-field elementor-size-sm  elementor-field-textual\" placeholder=\"Nom\">\n\t\t\t\t\t\t\t\t\t\t\t<\/div>\n\t\t\t\t\t\t\t\t<div class=\"elementor-field-type-email elementor-field-group elementor-column elementor-field-group-email elementor-col-100 elementor-field-required\">\n\t\t\t\t\t\t\t\t\t\t\t\t<label for=\"form-field-email\" class=\"elementor-field-label\">\n\t\t\t\t\t\t\t\tE-mail\t\t\t\t\t\t\t<\/label>\n\t\t\t\t\t\t\t\t\t\t\t\t\t\t<input size=\"1\" type=\"email\" name=\"form_fields[email]\" id=\"form-field-email\" class=\"elementor-field elementor-size-sm  elementor-field-textual\" placeholder=\"E-mail\" required=\"required\" aria-required=\"true\">\n\t\t\t\t\t\t\t\t\t\t\t<\/div>\n\t\t\t\t\t\t\t\t<div class=\"elementor-field-type-textarea elementor-field-group elementor-column elementor-field-group-message elementor-col-100\">\n\t\t\t\t\t\t\t\t\t\t\t\t<label for=\"form-field-message\" class=\"elementor-field-label\">\n\t\t\t\t\t\t\t\tMessage\t\t\t\t\t\t\t<\/label>\n\t\t\t\t\t\t<textarea class=\"elementor-field-textual elementor-field  elementor-size-sm\" name=\"form_fields[message]\" id=\"form-field-message\" rows=\"4\" placeholder=\"Message\"><\/textarea>\t\t\t\t<\/div>\n\t\t\t\t\t\t\t\t<div class=\"elementor-field-group elementor-column elementor-field-type-submit elementor-col-100 e-form__buttons\">\n\t\t\t\t\t<button type=\"submit\" class=\"elementor-button elementor-size-sm\">\n\t\t\t\t\t\t<span >\n\t\t\t\t\t\t\t\t\t\t\t\t\t\t\t<span class=\"elementor-button-icon\">\n\t\t\t\t\t\t\t\t\t\t\t\t\t\t\t\t\t\t\t\t\t\t\t\t\t\t<\/span>\n\t\t\t\t\t\t\t\t\t\t\t\t\t\t\t\t\t\t\t\t\t\t<span class=\"elementor-button-text\">Envoyer<\/span>\n\t\t\t\t\t\t\t\t\t\t\t\t\t<\/span>\n\t\t\t\t\t<\/button>\n\t\t\t\t<\/div>\n\t\t\t<\/div>\n\t\t<input type=\"hidden\" name=\"trp-form-language\" value=\"nl\"\/><\/form>\n\t\t\t\t<\/div>\n\t\t\t\t<\/div>\n\t\t\t\t\t<\/div>\n\t\t<\/div>\n\t\t\t\t<div class=\"elementor-column elementor-col-50 elementor-top-column elementor-element elementor-element-167e64b\" data-id=\"167e64b\" data-element_type=\"column\">\n\t\t\t<div class=\"elementor-widget-wrap elementor-element-populated\">\n\t\t\t\t\t\t<div class=\"elementor-element elementor-element-42e7781 elementor-widget elementor-widget-text-editor\" data-id=\"42e7781\" data-element_type=\"widget\" data-widget_type=\"text-editor.default\">\n\t\t\t\t<div class=\"elementor-widget-container\">\n\t\t\t\t\t\t\t<p>Voor vragen over onze werking of voor specifieke verzoeken, aarzel niet om contact met ons op te nemen.<\/p>\t\t\t\t\t\t<\/div>\n\t\t\t\t<\/div>\n\t\t\t\t\t<\/div>\n\t\t<\/div>\n\t\t\t\t\t<\/div>\n\t\t<\/section>\n\t\t\t\t<\/div>","protected":false},"excerpt":{"rendered":"<p>Contact Des questions sur notre fonctionnement ou des pour toute demande sp\u00e9cifique n&#8217;h\u00e9sitez pas \u00e0 nous contacter.<\/p>","protected":false},"author":1,"featured_media":0,"parent":0,"menu_order":0,"comment_status":"closed","ping_status":"closed","template":"","meta":{"_crdt_document":"","footnotes":""},"class_list":["post-45","page","type-page","status-publish","hentry"],"blocksy_meta":"","yoast_head":"<!-- This site is optimized with the Yoast SEO plugin v27.5 - https:\/\/yoast.com\/product\/yoast-seo-wordpress\/ -->\n<title>CONTACT - MySmileAdvise<\/title>\n<meta name=\"robots\" content=\"index, follow, max-snippet:-1, max-image-preview:large, max-video-preview:-1\" \/>\n<link rel=\"canonical\" href=\"https:\/\/mysmileadvise.com\/nl\/contact\/\" \/>\n<meta property=\"og:locale\" content=\"nl_NL\" \/>\n<meta property=\"og:type\" content=\"article\" \/>\n<meta property=\"og:title\" content=\"CONTACT - MySmileAdvise\" \/>\n<meta property=\"og:description\" content=\"Contact Des questions sur notre fonctionnement ou des pour toute demande sp\u00e9cifique n&#8217;h\u00e9sitez pas \u00e0 nous contacter.\" \/>\n<meta property=\"og:url\" content=\"https:\/\/mysmileadvise.com\/nl\/contact\/\" \/>\n<meta property=\"og:site_name\" content=\"MySmileAdvise\" \/>\n<meta property=\"article:modified_time\" content=\"2023-01-18T10:39:46+00:00\" \/>\n<meta name=\"twitter:card\" content=\"summary_large_image\" \/>\n<script type=\"application\/ld+json\" class=\"yoast-schema-graph\">{\"@context\":\"https:\\\/\\\/schema.org\",\"@graph\":[{\"@type\":\"WebPage\",\"@id\":\"https:\\\/\\\/mysmileadvise.com\\\/contact\\\/\",\"url\":\"https:\\\/\\\/mysmileadvise.com\\\/contact\\\/\",\"name\":\"CONTACT - MySmileAdvise\",\"isPartOf\":{\"@id\":\"https:\\\/\\\/mysmileadvise.com\\\/#website\"},\"datePublished\":\"2017-02-16T08:17:12+00:00\",\"dateModified\":\"2023-01-18T10:39:46+00:00\",\"breadcrumb\":{\"@id\":\"https:\\\/\\\/mysmileadvise.com\\\/contact\\\/#breadcrumb\"},\"inLanguage\":\"nl-NL\",\"potentialAction\":[{\"@type\":\"ReadAction\",\"target\":[\"https:\\\/\\\/mysmileadvise.com\\\/contact\\\/\"]}]},{\"@type\":\"BreadcrumbList\",\"@id\":\"https:\\\/\\\/mysmileadvise.com\\\/contact\\\/#breadcrumb\",\"itemListElement\":[{\"@type\":\"ListItem\",\"position\":1,\"name\":\"Accueil\",\"item\":\"https:\\\/\\\/mysmileadvise.com\\\/\"},{\"@type\":\"ListItem\",\"position\":2,\"name\":\"CONTACT\"}]},{\"@type\":\"WebSite\",\"@id\":\"https:\\\/\\\/mysmileadvise.com\\\/#website\",\"url\":\"https:\\\/\\\/mysmileadvise.com\\\/\",\"name\":\"MySmileAdvise\",\"description\":\"My Smile Advise\",\"publisher\":{\"@id\":\"https:\\\/\\\/mysmileadvise.com\\\/#organization\"},\"potentialAction\":[{\"@type\":\"SearchAction\",\"target\":{\"@type\":\"EntryPoint\",\"urlTemplate\":\"https:\\\/\\\/mysmileadvise.com\\\/?s={search_term_string}\"},\"query-input\":{\"@type\":\"PropertyValueSpecification\",\"valueRequired\":true,\"valueName\":\"search_term_string\"}}],\"inLanguage\":\"nl-NL\"},{\"@type\":\"Organization\",\"@id\":\"https:\\\/\\\/mysmileadvise.com\\\/#organization\",\"name\":\"MySmileAdvise\",\"url\":\"https:\\\/\\\/mysmileadvise.com\\\/\",\"logo\":{\"@type\":\"ImageObject\",\"inLanguage\":\"nl-NL\",\"@id\":\"https:\\\/\\\/mysmileadvise.com\\\/#\\\/schema\\\/logo\\\/image\\\/\",\"url\":\"https:\\\/\\\/mysmileadvise.com\\\/wp-content\\\/uploads\\\/2022\\\/12\\\/Capture-decran-2022-12-14-a-16.10.10.png\",\"contentUrl\":\"https:\\\/\\\/mysmileadvise.com\\\/wp-content\\\/uploads\\\/2022\\\/12\\\/Capture-decran-2022-12-14-a-16.10.10.png\",\"width\":1634,\"height\":220,\"caption\":\"MySmileAdvise\"},\"image\":{\"@id\":\"https:\\\/\\\/mysmileadvise.com\\\/#\\\/schema\\\/logo\\\/image\\\/\"}}]}<\/script>\n<!-- \/ Yoast SEO plugin. -->","yoast_head_json":{"title":"CONTACT - MySmileAdvise","robots":{"index":"index","follow":"follow","max-snippet":"max-snippet:-1","max-image-preview":"max-image-preview:large","max-video-preview":"max-video-preview:-1"},"canonical":"https:\/\/mysmileadvise.com\/nl\/contact\/","og_locale":"nl_NL","og_type":"article","og_title":"CONTACT - MySmileAdvise","og_description":"Contact Des questions sur notre fonctionnement ou des pour toute demande sp\u00e9cifique n&#8217;h\u00e9sitez pas \u00e0 nous contacter.","og_url":"https:\/\/mysmileadvise.com\/nl\/contact\/","og_site_name":"MySmileAdvise","article_modified_time":"2023-01-18T10:39:46+00:00","twitter_card":"summary_large_image","schema":{"@context":"https:\/\/schema.org","@graph":[{"@type":"WebPage","@id":"https:\/\/mysmileadvise.com\/contact\/","url":"https:\/\/mysmileadvise.com\/contact\/","name":"CONTACT - MySmileAdvise","isPartOf":{"@id":"https:\/\/mysmileadvise.com\/#website"},"datePublished":"2017-02-16T08:17:12+00:00","dateModified":"2023-01-18T10:39:46+00:00","breadcrumb":{"@id":"https:\/\/mysmileadvise.com\/contact\/#breadcrumb"},"inLanguage":"nl-NL","potentialAction":[{"@type":"ReadAction","target":["https:\/\/mysmileadvise.com\/contact\/"]}]},{"@type":"BreadcrumbList","@id":"https:\/\/mysmileadvise.com\/contact\/#breadcrumb","itemListElement":[{"@type":"ListItem","position":1,"name":"Accueil","item":"https:\/\/mysmileadvise.com\/"},{"@type":"ListItem","position":2,"name":"CONTACT"}]},{"@type":"WebSite","@id":"https:\/\/mysmileadvise.com\/#website","url":"https:\/\/mysmileadvise.com\/","name":"MySmileAdvise","description":"My Smile Advise","publisher":{"@id":"https:\/\/mysmileadvise.com\/#organization"},"potentialAction":[{"@type":"SearchAction","target":{"@type":"EntryPoint","urlTemplate":"https:\/\/mysmileadvise.com\/?s={search_term_string}"},"query-input":{"@type":"PropertyValueSpecification","valueRequired":true,"valueName":"search_term_string"}}],"inLanguage":"nl-NL"},{"@type":"Organization","@id":"https:\/\/mysmileadvise.com\/#organization","name":"MySmileAdvise","url":"https:\/\/mysmileadvise.com\/","logo":{"@type":"ImageObject","inLanguage":"nl-NL","@id":"https:\/\/mysmileadvise.com\/#\/schema\/logo\/image\/","url":"https:\/\/mysmileadvise.com\/wp-content\/uploads\/2022\/12\/Capture-decran-2022-12-14-a-16.10.10.png","contentUrl":"https:\/\/mysmileadvise.com\/wp-content\/uploads\/2022\/12\/Capture-decran-2022-12-14-a-16.10.10.png","width":1634,"height":220,"caption":"MySmileAdvise"},"image":{"@id":"https:\/\/mysmileadvise.com\/#\/schema\/logo\/image\/"}}]}},"_links":{"self":[{"href":"https:\/\/mysmileadvise.com\/nl\/wp-json\/wp\/v2\/pages\/45","targetHints":{"allow":["GET"]}}],"collection":[{"href":"https:\/\/mysmileadvise.com\/nl\/wp-json\/wp\/v2\/pages"}],"about":[{"href":"https:\/\/mysmileadvise.com\/nl\/wp-json\/wp\/v2\/types\/page"}],"author":[{"embeddable":true,"href":"https:\/\/mysmileadvise.com\/nl\/wp-json\/wp\/v2\/users\/1"}],"replies":[{"embeddable":true,"href":"https:\/\/mysmileadvise.com\/nl\/wp-json\/wp\/v2\/comments?post=45"}],"version-history":[{"count":4,"href":"https:\/\/mysmileadvise.com\/nl\/wp-json\/wp\/v2\/pages\/45\/revisions"}],"predecessor-version":[{"id":29147,"href":"https:\/\/mysmileadvise.com\/nl\/wp-json\/wp\/v2\/pages\/45\/revisions\/29147"}],"wp:attachment":[{"href":"https:\/\/mysmileadvise.com\/nl\/wp-json\/wp\/v2\/media?parent=45"}],"curies":[{"name":"wp","href":"https:\/\/api.w.org\/{rel}","templated":true}]}}