{"id":29058,"date":"2022-12-20T13:16:38","date_gmt":"2022-12-20T12:16:38","guid":{"rendered":"https:\/\/mysmileadvise.com\/?page_id=29058"},"modified":"2024-10-04T16:25:45","modified_gmt":"2024-10-04T14:25:45","slug":"mentions-legales","status":"publish","type":"page","link":"https:\/\/mysmileadvise.com\/sv\/juridisk-information\/","title":{"rendered":"mentions l\u00e9gales"},"content":{"rendered":"<p><style>\/*! elementor - v3.9.0 - 06-12-2022 *\/<br \/>\n.elementor-heading-title{padding:0;margin:0;line-height:1}.elementor-widget-heading .elementor-heading-title[class*=elementor-size-]>a{color:inherit;font-size:inherit;line-height:inherit}.elementor-widget-heading .elementor-heading-title.elementor-size-small{font-size:15px}.elementor-widget-heading .elementor-heading-title.elementor-size-medium{font-size:19px}.elementor-widget-heading .elementor-heading-title.elementor-size-large{font-size:29px}.elementor-widget-heading .elementor-heading-title.elementor-size-xl{font-size:39px}.elementor-widget-heading .elementor-heading-title.elementor-size-xxl{font-size:59px}<\/style><\/p>\n<h1>Juridisk information<\/h1>\n<p>Dessa allm\u00e4nna anv\u00e4ndarvillkor har till syfte att definiera och reglera anv\u00e4ndningen av tj\u00e4nsterna p\u00e5 webbplatsen MySmileAdvise.com (nedan kallad \"webbplatsen\") och de juridiska relationerna mellan webbplatsens anv\u00e4ndare och MySmileAdvise.com. Dessa allm\u00e4nna anv\u00e4ndarvillkor g\u00f6rs tillg\u00e4ngliga f\u00f6r internetanv\u00e4ndare av MySmileAdvise.com. Tillg\u00e5ng till webbplatsen MySmileAdvise.com, dess granskning och anv\u00e4ndning \u00e4r f\u00f6rem\u00e5l f\u00f6r ovillkorligt godk\u00e4nnande av dessa allm\u00e4nna anv\u00e4ndarvillkor. F\u00f6retaget f\u00f6rbeh\u00e5ller sig r\u00e4tten att fritt \u00e4ndra dessa anv\u00e4ndarvillkor n\u00e4r som helst och utan f\u00f6rvarning, f\u00f6r att anpassa dem till utvecklingen av webbplatsen och\/eller dess drift.<\/p>\n<p>Definitioner<\/p>\n<p>De termer som n\u00e4mns nedan har f\u00f6ljande definitioner<\/p>\n<ul>\n<li class=\" translation-block\">\"Tj\u00e4nster\": avser de tj\u00e4nster som erbjuds av f\u00f6retaget p\u00e5 dess webbplats.<\/li>\n<li class=\" translation-block\">\"Webbplats\": avser webbplatsen MySmileAdvise.com.<\/li>\n<li class=\" translation-block\">\"F\u00f6retag\": avser f\u00f6retaget som publicerar webbplatsen MySmileAdvise.com.<\/li>\n<li class=\" translation-block\">\"Anv\u00e4ndare\": avser varje fysisk eller juridisk person som g\u00e5r in p\u00e5 webbplatsen MySmileAdvise.com f\u00f6r privat eller professionellt bruk.<\/li>\n<\/ul>\n<p>Till\u00e4mpningsomr\u00e5de<\/p>\n<p>Dessa allm\u00e4nna villkor syftar till att definiera och reglera de Allm\u00e4nna Anv\u00e4ndarvillkoren f\u00f6r webbplatsen och de tj\u00e4nster som erbjuds anv\u00e4ndarna. Att bes\u00f6ka webbplatsen och anv\u00e4nda dess tj\u00e4nster \u00e4r beroende av att de g\u00e4llande anv\u00e4ndarvillkoren accepteras, vilket inneb\u00e4r att anv\u00e4ndaren accepterar dessa villkor utan begr\u00e4nsningar eller f\u00f6rbeh\u00e5ll. Innan anv\u00e4ndaren bes\u00f6ker webbplatsen m\u00e5ste denne allts\u00e5 l\u00e4sa de g\u00e4llande Anv\u00e4ndarvillkoren. Vi vill informera anv\u00e4ndaren om att MySmileAdvise.com n\u00e4r som helst kan \u00e4ndra dessa Allm\u00e4nna Anv\u00e4ndarvillkor. De till\u00e4mpliga villkoren \u00e4r d\u00e4rf\u00f6r de som g\u00e4ller vid tidpunkten f\u00f6r anv\u00e4ndarens \u00e5tkomst till webbplatsen och \u00e4r tillg\u00e4ngliga d\u00e4r. D\u00e4rf\u00f6r uppmanar vi anv\u00e4ndaren att regelbundet granska de Allm\u00e4nna Anv\u00e4ndarvillkoren f\u00f6r webbplatsen. Dessa Allm\u00e4nna Anv\u00e4ndarvillkor \u00e4r underkastade fransk lag, oavsett anv\u00e4ndningsplats. Vid en eventuell tvist, och efter att alla f\u00f6rs\u00f6k att n\u00e5 en v\u00e4nlig l\u00f6sning har misslyckats, \u00e4r de franska domstolarna ensamma beh\u00f6riga att avg\u00f6ra denna tvist.<\/p>\n<p>Tillg\u00e4ngliga tj\u00e4nster<\/p>\n<p>Webbplatsen MySmileAdvise.com l\u00e5ter anv\u00e4ndare f\u00e5 r\u00e5d om estetisk tandv\u00e5rd och l\u00e4ra sig mer om de olika tillg\u00e4ngliga enheterna. MySmileAdvise.com erbjuder ingen medicinsk r\u00e5dgivning och uppmanar starkt sina anv\u00e4ndare att konsultera en tandl\u00e4kare eller en ortodontist f\u00f6r alla fr\u00e5gor ang\u00e5ende deras t\u00e4nder.<\/p>\n<p>Villkor f\u00f6r \u00e5tkomst och tillg\u00e4nglighet f\u00f6r tj\u00e4nster<\/p>\n<p>Webbplatsen MySmileAdvise.com och dess tj\u00e4nster \u00e4r fritt tillg\u00e4ngliga f\u00f6r alla anv\u00e4ndare via en internetanslutning. MySmileAdvise.com g\u00f6r sitt yttersta f\u00f6r att till\u00e5ta tillg\u00e5ng till webbplatsen och dess tj\u00e4nster 24 timmar om dygnet, 7 dagar i veckan, f\u00f6rutom vid force majeure eller h\u00e4ndelser utanf\u00f6r f\u00f6retagets kontroll, och med f\u00f6rbeh\u00e5ll f\u00f6r eventuella avbrott och underh\u00e5ll som \u00e4r n\u00f6dv\u00e4ndiga f\u00f6r webbplatsens och tj\u00e4nsternas funktion. F\u00f6retaget kan d\u00e4rf\u00f6r inte garantera tillg\u00e4ngligheten av webbplatsen och\/eller tj\u00e4nsterna, tillf\u00f6rlitligheten i \u00f6verf\u00f6ringarna eller prestanda vad g\u00e4ller svarstid eller kvalitet. Ingen teknisk support tillhandah\u00e5lls anv\u00e4ndaren, varken elektroniskt eller via telefon. F\u00f6retaget bakom MySmileAdvise.com kan inte h\u00e5llas ansvarigt om det \u00e4r om\u00f6jligt att f\u00e5 tillg\u00e5ng till webbplatsen och\/eller anv\u00e4nda tj\u00e4nsterna. Dessutom kan MySmileAdvise.com avbryta webbplatsen eller en del av tj\u00e4nsterna n\u00e4r som helst utan f\u00f6rvarning, och utan r\u00e4tt till kompensation. Anv\u00e4ndaren erk\u00e4nner och accepterar att MySmileAdvise.com inte \u00e4r ansvarig f\u00f6r avbrott och de konsekvenser som kan uppst\u00e5 f\u00f6r anv\u00e4ndaren eller tredje part.<\/p>\n<p>Anv\u00e4ndarens ansvar<\/p>\n<p>Anv\u00e4ndaren f\u00f6rbinder sig att f\u00e5 tillg\u00e5ng till och anv\u00e4nda webbplatsen och dess tj\u00e4nster p\u00e5 ett rimligt s\u00e4tt, i enlighet med lagstiftningen, g\u00e4llande regler och allm\u00e4nna anv\u00e4ndarvillkor. F\u00f6ljaktligen kan anv\u00e4ndaren under inga omst\u00e4ndigheter... <strong>:<\/strong><\/p>\n<ul>\n<li>Anv\u00e4nda webbplatsen och dess tj\u00e4nster p\u00e5 ett olagligt s\u00e4tt, i strid med g\u00e4llande regler och best\u00e4mmelser, och mer generellt, skada MySmileAdvise.com\nintressen, rykte eller image.<\/li>\n<li>Anv\u00e4nda enheter eller programvara som kan p\u00e5verka webbplatsens och dess tj\u00e4nsters funktion, eller extrahera, duplicera eller modifiera hela eller delar av webbplatsens databas och dess inneh\u00e5ll.<\/li>\n<li>F\u00e5 tillg\u00e5ng till webbplatsen och dess tj\u00e4nster f\u00f6r olagliga \u00e4ndam\u00e5l som kan skada webbplatsens och f\u00f6retagets rykte och image. Det \u00e4r d\u00e4rf\u00f6r f\u00f6rbjudet att sprida eller skicka inneh\u00e5ll som kan chocka eller uppr\u00f6ra anv\u00e4ndare eller som kr\u00e4nker tredje parts r\u00e4ttigheter och immateriella r\u00e4ttigheter.<\/li>\n<li>\u00c5teranv\u00e4nda eller reproducera hela eller delar av webbplatsen f\u00f6r kommersiella och\/eller privata \u00e4ndam\u00e5l p\u00e5 ett olagligt s\u00e4tt, i strid med lagen om immateriella r\u00e4ttigheter.<\/li>\n<li>Utnyttja anv\u00e4ndarnas och partnernas kontaktuppgifter i kommersiella syften.<\/li>\n<\/ul>\n<p>Om en otillb\u00f6rlig anv\u00e4ndning av webbplatsen skulle konstateras av anv\u00e4ndaren, skulle MySmileAdvise.com ha m\u00f6jlighet att neka denne fullst\u00e4ndig eller partiell \u00e5tkomst till webbplatsen utan f\u00f6rvarning.<\/p>\n<p>Garanti fr\u00e5n MySmileAdvise.com<\/p>\n<p>MySmileAdvise.com ger r\u00e5d och tekniker om estetisk tandv\u00e5rd. Webbplatsen ger inga medicinska r\u00e5d och rekommenderar starkt att anv\u00e4ndarna p\u00e5 webbplatsen konsulterar en tandl\u00e4kare eller en ortodontist f\u00f6r alla fr\u00e5gor. Informationen och\/eller dokumenten som finns p\u00e5 webbplatsen kommer fr\u00e5n k\u00e4llor som anses vara tillf\u00f6rlitliga. Dock kan viss information och\/eller dokument inneh\u00e5lla tekniska felaktigheter och typografiska fel. D\u00e4rf\u00f6r rekommenderas det starkt att kontrollera riktigheten och relevansen av den information och\/eller de dokument som g\u00f6rs tillg\u00e4ngliga p\u00e5 webbplatsen. Informationen och\/eller dokumenten som finns p\u00e5 webbplatsen kan komma att \u00e4ndras n\u00e4r som helst och kan ha uppdaterats. I synnerhet kan de ha uppdaterats mellan nedladdningen och n\u00e4r anv\u00e4ndaren l\u00e4ser dem. D\u00e4rf\u00f6r friskriver sig MySmileAdvise.com fr\u00e5n allt ansvar f\u00f6r inneh\u00e5llet i den information och\/eller de dokument som publiceras och distribueras p\u00e5 webbplatsen. F\u00f6retaget g\u00f6r allt f\u00f6r att regelbundet uppdatera informationen p\u00e5 webbplatsen. Det garanterar inte p\u00e5 n\u00e5got s\u00e4tt uppr\u00e4ttandet av avtalsf\u00f6rh\u00e5llanden mellan anv\u00e4ndarna och webbplatsens partners och annons\u00f6rer. MySmileAdvise.com kan under inga omst\u00e4ndigheter h\u00e5llas ansvarigt f\u00f6r eventuella skador av n\u00e5got slag som uppst\u00e5r p\u00e5 grund av tolkningen eller anv\u00e4ndningen av informationen och\/eller dokumenten som finns tillg\u00e4ngliga p\u00e5 denna webbplats.<\/p>\n<p>Ansvarsbegr\u00e4nsning<\/p>\n<p>Varje anv\u00e4ndare \u00e4r ensam ansvarig f\u00f6r sin anv\u00e4ndning av webbplatsen och dess tillg\u00e4ngliga onlinetj\u00e4nster. S\u00e5ledes, i h\u00e4ndelse av ett f\u00f6rfarande som inleds mot anv\u00e4ndaren p\u00e5 grund av felaktig anv\u00e4ndning av webbplatsen och\/eller dess tj\u00e4nster, kan MySmileAdvise.com under inga omst\u00e4ndigheter h\u00e5llas ansvarigt. Webbplatsen kan inneh\u00e5lla externa l\u00e4nkar till andra webbplatser p\u00e5 Internet. L\u00e4nkarna till dessa andra resurser leder dig bort fr\u00e5n MySmileAdvise.com. F\u00f6retaget ansvarar varken f\u00f6r inneh\u00e5llet p\u00e5 dessa webbplatser, eller f\u00f6r l\u00e4nkarna de inneh\u00e5ller, eller f\u00f6r eventuella \u00e4ndringar eller uppdateringar som g\u00f6rs. D\u00e4rf\u00f6r kan MySmileAdvise.com inte h\u00e5llas ansvarigt f\u00f6r direkta eller indirekta skador relaterade till externa webbplatser. F\u00f6retaget \u00e5tar sig att g\u00f6ra allt f\u00f6r att s\u00e4kerst\u00e4lla kontinuiteten i de tj\u00e4nster som erbjuds av Monforfait.ch. Dock avs\u00e4ger f\u00f6retaget sig allt ansvar i h\u00e4ndelse av:<\/p>\n<ul>\n<li>Otillg\u00e4nglighet, fel, funktionsst\u00f6rningar, \u00e4ndringar av de tillhandah\u00e5llna tj\u00e4nsterna, oavsett ursprung eller k\u00e4lla.<\/li>\n<li>Otillg\u00e4nglighet p\u00e5 webbplatsen p\u00e5 grund av n\u00e4tverksfel, s\u00e5som telekommunikations- eller eln\u00e4t<\/li>\n<li>Skador orsakade av anv\u00e4ndaren p\u00e5 grund av otillb\u00f6rlig anv\u00e4ndning av webbplatsen<\/li>\n<li>F\u00f6rlust av lagrade data och, i den utstr\u00e4ckning som lagen till\u00e5ter, all indirekt skada som kan leda till om\u00f6jligheten att anv\u00e4nda webbplatsens tj\u00e4nster<\/li>\n<li>Datorintr\u00e5ng p\u00e5 webbplatsen som leder till skador p\u00e5 webbplatsen<\/li>\n<li>Endast direkta skador som drabbar partners och annons\u00f6rer till f\u00f6ljd av att f\u00f6retaget bryter mot sina avtalsf\u00f6rpliktelser (avtalsf\u00f6rpliktelser som definieras h\u00e4ri) kan h\u00e5lla f\u00f6retaget ansvarigt.<\/li>\n<\/ul>\n<p>N\u00e4r det g\u00e4ller indirekta skador, s\u00e5som f\u00f6rlorad vinst, f\u00f6rlorade m\u00f6jligheter, kommersiell eller finansiell skada, \u00f6kade omkostnader eller f\u00f6rluster som uppst\u00e5r till f\u00f6ljd av eller som en konsekvens av verkst\u00e4llandet av dessa villkor, kan de under inga omst\u00e4ndigheter \u00e5l\u00e4gga f\u00f6retaget ansvar. Anv\u00e4ndaren, partnerna och annons\u00f6rerna avst\u00e5r d\u00e4rf\u00f6r fr\u00e5n att s\u00f6ka ansvar hos f\u00f6retaget som publicerar MySmileAdvise.com i detta avseende.<\/p>\n<p>Immateriell egendom<\/p>\n<p>Webbplatsens allm\u00e4nna struktur, liksom texter, slogans, logotyper, grafik, bilder, ljud och videor som ing\u00e5r, \u00e4r den exklusiva egendomen tillh\u00f6rande f\u00f6retaget som ansvarar f\u00f6r webbplatsen. I enlighet med best\u00e4mmelserna i lagen om immateriella r\u00e4ttigheter \u00e4r all representation och\/eller reproduktion och\/eller utnyttjande, helt eller delvis, av inneh\u00e5llet och tj\u00e4nsterna som erbjuds av webbplatsen, oavsett metod, utan skriftligt f\u00f6rhandsgodk\u00e4nnande fr\u00e5n f\u00f6retaget strikt f\u00f6rbjudet och kan betraktas som intr\u00e5ng i upphovsr\u00e4tt enligt artiklarna L 335-2 och f\u00f6ljande i lagen om immateriella r\u00e4ttigheter. Varum\u00e4rket \"MySmileAdvise.com\" \u00e4r ett registrerat varum\u00e4rke av f\u00f6retaget som ansvarar f\u00f6r webbplatsen. P\u00e5 samma s\u00e4tt \u00e4r dom\u00e4nnamnet MySmileAdvise.com och dess anslutna subdom\u00e4ner f\u00f6retagets exklusiva egendom. All representation och\/eller reproduktion och\/eller utnyttjande, helt eller delvis, av dessa varum\u00e4rken, oavsett typ, \u00e4r strikt f\u00f6rbjuden. F\u00f6retaget f\u00f6rbeh\u00e5ller sig r\u00e4tten att vidta r\u00e4ttsliga \u00e5tg\u00e4rder mot personer som inte har respekterat f\u00f6rbuden som anges i denna artikel. Inneh\u00e5llet som publiceras av webbplatsens partners och annons\u00f6rer, s\u00e5som varum\u00e4rken, logotyper, handelsnamn, dom\u00e4nnamn, foton och texter, f\u00f6rblir deras egendom. D\u00e4rf\u00f6r innehar MySmileAdvise.com inga r\u00e4ttigheter till inneh\u00e5llet som publiceras av partners eller annons\u00f6rer, s\u00e5vida det inte finns ett f\u00f6rhandsgodk\u00e4nnande av en begr\u00e4nsad licens mellan f\u00f6retaget och partners och\/eller annons\u00f6rer. All representation och\/eller reproduktion och\/eller utnyttjande, helt eller delvis, av inneh\u00e5llet som publiceras av webbplatsens partners och annons\u00f6rer \u00e4r d\u00e4rf\u00f6r f\u00f6rbjudet. MySmileAdvise.com \u00e4r producenten av den databas som utg\u00f6r \"MySmileAdvise.com\", i enlighet med artikel L 341-1 och f\u00f6ljande i lagen om immateriella r\u00e4ttigheter. All icke uttryckligen auktoriserad extraktion, reproduktion eller anv\u00e4ndning av databasens inneh\u00e5ll kan medf\u00f6ra civilr\u00e4ttsligt och\/eller straffr\u00e4ttsligt ansvar f\u00f6r upphovsmannen. F\u00f6retaget f\u00f6rbeh\u00e5ller sig r\u00e4tten att vidta r\u00e4ttsliga \u00e5tg\u00e4rder mot personer som inte respekterar detta f\u00f6rbud.<\/p>\n<p>Juridisk information<\/p>\n<p class=\" translation-block\">Webbplatsen MySmileAdvise.com publiceras av f\u00f6retaget Parking Avenue, med f\u00f6retagsnamnet: Parking Avenue. Parking Avenue \u00e4r ett SAS med ett kapital p\u00e5 20 000 euro, registrerat hos RCS i Laval under nummer 804 337 517. F\u00f6retagets huvudkontor ligger i Frankrike p\u00e5 53000 LAVAL, 24 rue Saint Mathurin. Denna webbplats \u00e4r v\u00e4rd hos f\u00f6retaget Infomaniak \u2013 Gen\u00e8ve, Schweiz.<\/p>\n\n\n<div style=\"height:30px\" aria-hidden=\"true\" class=\"wp-block-spacer\"><\/div>","protected":false},"excerpt":{"rendered":"<p>Mentions l\u00e9gales Les pr\u00e9sentes Conditions G\u00e9n\u00e9rales d\u2019Utilisation ont pour objet de d\u00e9finir et r\u00e9gir l\u2019utilisation des services du site MySmileAdvise.com (ci-apr\u00e8s d\u00e9sign\u00e9 par \u00ab le site \u00bb), et les relations juridiques entre les utilisateurs du site et le site MySmileAdvise.com. Ces Conditions G\u00e9n\u00e9rales d\u2019Utilisation sont mises \u00e0 disposition des internautes par MySmileAdvise.com. L\u2019acc\u00e8s au site MySmileAdvise.com, sa consultation et son utilisation sont subordonn\u00e9s \u00e0 l\u2019acceptation sans r\u00e9serve des pr\u00e9sentes Conditions G\u00e9n\u00e9rales d\u2019Utilisation. La soci\u00e9t\u00e9 se r\u00e9serve la possibilit\u00e9 de modifier librement, \u00e0 tout moment et sans pr\u00e9avis, les pr\u00e9sentes conditions g\u00e9n\u00e9rales d\u2019utilisation afin de les adapter aux \u00e9volutions du site\u2026<\/p>","protected":false},"author":1,"featured_media":0,"parent":0,"menu_order":0,"comment_status":"closed","ping_status":"closed","template":"","meta":{"_crdt_document":"","footnotes":""},"class_list":["post-29058","page","type-page","status-publish","hentry"],"blocksy_meta":{"has_hero_section":"disabled","vertical_spacing_source":"custom","content_area_spacing":"none"},"yoast_head":"<!-- This site is optimized with the Yoast SEO plugin v27.5 - https:\/\/yoast.com\/product\/yoast-seo-wordpress\/ -->\n<title>mentions l\u00e9gales - MySmileAdvise<\/title>\n<meta name=\"robots\" content=\"index, follow, max-snippet:-1, max-image-preview:large, max-video-preview:-1\" \/>\n<link rel=\"canonical\" href=\"https:\/\/mysmileadvise.com\/sv\/juridisk-information\/\" \/>\n<meta property=\"og:locale\" content=\"sv_SE\" \/>\n<meta property=\"og:type\" content=\"article\" \/>\n<meta property=\"og:title\" content=\"mentions l\u00e9gales - MySmileAdvise\" \/>\n<meta property=\"og:description\" content=\"Mentions l\u00e9gales Les pr\u00e9sentes Conditions G\u00e9n\u00e9rales d\u2019Utilisation ont pour objet de d\u00e9finir et r\u00e9gir l\u2019utilisation des services du site MySmileAdvise.com (ci-apr\u00e8s d\u00e9sign\u00e9 par \u00ab le site \u00bb), et les relations juridiques entre les utilisateurs du site et le site MySmileAdvise.com. Ces Conditions G\u00e9n\u00e9rales d\u2019Utilisation sont mises \u00e0 disposition des internautes par MySmileAdvise.com. L\u2019acc\u00e8s au site MySmileAdvise.com, sa consultation et son utilisation sont subordonn\u00e9s \u00e0 l\u2019acceptation sans r\u00e9serve des pr\u00e9sentes Conditions G\u00e9n\u00e9rales d\u2019Utilisation. La soci\u00e9t\u00e9 se r\u00e9serve la possibilit\u00e9 de modifier librement, \u00e0 tout moment et sans pr\u00e9avis, les pr\u00e9sentes conditions g\u00e9n\u00e9rales d\u2019utilisation afin de les adapter aux \u00e9volutions du site\u2026\" \/>\n<meta property=\"og:url\" content=\"https:\/\/mysmileadvise.com\/sv\/juridisk-information\/\" \/>\n<meta property=\"og:site_name\" content=\"MySmileAdvise\" \/>\n<meta property=\"article:modified_time\" content=\"2024-10-04T14:25:45+00:00\" \/>\n<meta name=\"twitter:card\" content=\"summary_large_image\" \/>\n<meta name=\"twitter:label1\" content=\"Ber\u00e4knad l\u00e4stid\" \/>\n\t<meta name=\"twitter:data1\" content=\"10 minuter\" \/>\n<script type=\"application\/ld+json\" class=\"yoast-schema-graph\">{\"@context\":\"https:\\\/\\\/schema.org\",\"@graph\":[{\"@type\":\"WebPage\",\"@id\":\"https:\\\/\\\/mysmileadvise.com\\\/mentions-legales\\\/\",\"url\":\"https:\\\/\\\/mysmileadvise.com\\\/mentions-legales\\\/\",\"name\":\"mentions l\u00e9gales - MySmileAdvise\",\"isPartOf\":{\"@id\":\"https:\\\/\\\/mysmileadvise.com\\\/#website\"},\"datePublished\":\"2022-12-20T12:16:38+00:00\",\"dateModified\":\"2024-10-04T14:25:45+00:00\",\"breadcrumb\":{\"@id\":\"https:\\\/\\\/mysmileadvise.com\\\/mentions-legales\\\/#breadcrumb\"},\"inLanguage\":\"sv-SE\",\"potentialAction\":[{\"@type\":\"ReadAction\",\"target\":[\"https:\\\/\\\/mysmileadvise.com\\\/mentions-legales\\\/\"]}]},{\"@type\":\"BreadcrumbList\",\"@id\":\"https:\\\/\\\/mysmileadvise.com\\\/mentions-legales\\\/#breadcrumb\",\"itemListElement\":[{\"@type\":\"ListItem\",\"position\":1,\"name\":\"Accueil\",\"item\":\"https:\\\/\\\/mysmileadvise.com\\\/\"},{\"@type\":\"ListItem\",\"position\":2,\"name\":\"mentions l\u00e9gales\"}]},{\"@type\":\"WebSite\",\"@id\":\"https:\\\/\\\/mysmileadvise.com\\\/#website\",\"url\":\"https:\\\/\\\/mysmileadvise.com\\\/\",\"name\":\"MySmileAdvise\",\"description\":\"My Smile Advise\",\"publisher\":{\"@id\":\"https:\\\/\\\/mysmileadvise.com\\\/#organization\"},\"potentialAction\":[{\"@type\":\"SearchAction\",\"target\":{\"@type\":\"EntryPoint\",\"urlTemplate\":\"https:\\\/\\\/mysmileadvise.com\\\/?s={search_term_string}\"},\"query-input\":{\"@type\":\"PropertyValueSpecification\",\"valueRequired\":true,\"valueName\":\"search_term_string\"}}],\"inLanguage\":\"sv-SE\"},{\"@type\":\"Organization\",\"@id\":\"https:\\\/\\\/mysmileadvise.com\\\/#organization\",\"name\":\"MySmileAdvise\",\"url\":\"https:\\\/\\\/mysmileadvise.com\\\/\",\"logo\":{\"@type\":\"ImageObject\",\"inLanguage\":\"sv-SE\",\"@id\":\"https:\\\/\\\/mysmileadvise.com\\\/#\\\/schema\\\/logo\\\/image\\\/\",\"url\":\"https:\\\/\\\/mysmileadvise.com\\\/wp-content\\\/uploads\\\/2022\\\/12\\\/Capture-decran-2022-12-14-a-16.10.10.png\",\"contentUrl\":\"https:\\\/\\\/mysmileadvise.com\\\/wp-content\\\/uploads\\\/2022\\\/12\\\/Capture-decran-2022-12-14-a-16.10.10.png\",\"width\":1634,\"height\":220,\"caption\":\"MySmileAdvise\"},\"image\":{\"@id\":\"https:\\\/\\\/mysmileadvise.com\\\/#\\\/schema\\\/logo\\\/image\\\/\"}}]}<\/script>\n<!-- \/ Yoast SEO plugin. -->","yoast_head_json":{"title":"mentions l\u00e9gales - MySmileAdvise","robots":{"index":"index","follow":"follow","max-snippet":"max-snippet:-1","max-image-preview":"max-image-preview:large","max-video-preview":"max-video-preview:-1"},"canonical":"https:\/\/mysmileadvise.com\/sv\/juridisk-information\/","og_locale":"sv_SE","og_type":"article","og_title":"mentions l\u00e9gales - MySmileAdvise","og_description":"Mentions l\u00e9gales Les pr\u00e9sentes Conditions G\u00e9n\u00e9rales d\u2019Utilisation ont pour objet de d\u00e9finir et r\u00e9gir l\u2019utilisation des services du site MySmileAdvise.com (ci-apr\u00e8s d\u00e9sign\u00e9 par \u00ab le site \u00bb), et les relations juridiques entre les utilisateurs du site et le site MySmileAdvise.com. Ces Conditions G\u00e9n\u00e9rales d\u2019Utilisation sont mises \u00e0 disposition des internautes par MySmileAdvise.com. L\u2019acc\u00e8s au site MySmileAdvise.com, sa consultation et son utilisation sont subordonn\u00e9s \u00e0 l\u2019acceptation sans r\u00e9serve des pr\u00e9sentes Conditions G\u00e9n\u00e9rales d\u2019Utilisation. La soci\u00e9t\u00e9 se r\u00e9serve la possibilit\u00e9 de modifier librement, \u00e0 tout moment et sans pr\u00e9avis, les pr\u00e9sentes conditions g\u00e9n\u00e9rales d\u2019utilisation afin de les adapter aux \u00e9volutions du site\u2026","og_url":"https:\/\/mysmileadvise.com\/sv\/juridisk-information\/","og_site_name":"MySmileAdvise","article_modified_time":"2024-10-04T14:25:45+00:00","twitter_card":"summary_large_image","twitter_misc":{"Ber\u00e4knad l\u00e4stid":"10 minuter"},"schema":{"@context":"https:\/\/schema.org","@graph":[{"@type":"WebPage","@id":"https:\/\/mysmileadvise.com\/mentions-legales\/","url":"https:\/\/mysmileadvise.com\/mentions-legales\/","name":"mentions l\u00e9gales - MySmileAdvise","isPartOf":{"@id":"https:\/\/mysmileadvise.com\/#website"},"datePublished":"2022-12-20T12:16:38+00:00","dateModified":"2024-10-04T14:25:45+00:00","breadcrumb":{"@id":"https:\/\/mysmileadvise.com\/mentions-legales\/#breadcrumb"},"inLanguage":"sv-SE","potentialAction":[{"@type":"ReadAction","target":["https:\/\/mysmileadvise.com\/mentions-legales\/"]}]},{"@type":"BreadcrumbList","@id":"https:\/\/mysmileadvise.com\/mentions-legales\/#breadcrumb","itemListElement":[{"@type":"ListItem","position":1,"name":"Accueil","item":"https:\/\/mysmileadvise.com\/"},{"@type":"ListItem","position":2,"name":"mentions l\u00e9gales"}]},{"@type":"WebSite","@id":"https:\/\/mysmileadvise.com\/#website","url":"https:\/\/mysmileadvise.com\/","name":"MySmileAdvise","description":"My Smile Advise","publisher":{"@id":"https:\/\/mysmileadvise.com\/#organization"},"potentialAction":[{"@type":"SearchAction","target":{"@type":"EntryPoint","urlTemplate":"https:\/\/mysmileadvise.com\/?s={search_term_string}"},"query-input":{"@type":"PropertyValueSpecification","valueRequired":true,"valueName":"search_term_string"}}],"inLanguage":"sv-SE"},{"@type":"Organization","@id":"https:\/\/mysmileadvise.com\/#organization","name":"MySmileAdvise","url":"https:\/\/mysmileadvise.com\/","logo":{"@type":"ImageObject","inLanguage":"sv-SE","@id":"https:\/\/mysmileadvise.com\/#\/schema\/logo\/image\/","url":"https:\/\/mysmileadvise.com\/wp-content\/uploads\/2022\/12\/Capture-decran-2022-12-14-a-16.10.10.png","contentUrl":"https:\/\/mysmileadvise.com\/wp-content\/uploads\/2022\/12\/Capture-decran-2022-12-14-a-16.10.10.png","width":1634,"height":220,"caption":"MySmileAdvise"},"image":{"@id":"https:\/\/mysmileadvise.com\/#\/schema\/logo\/image\/"}}]}},"_links":{"self":[{"href":"https:\/\/mysmileadvise.com\/sv\/wp-json\/wp\/v2\/pages\/29058","targetHints":{"allow":["GET"]}}],"collection":[{"href":"https:\/\/mysmileadvise.com\/sv\/wp-json\/wp\/v2\/pages"}],"about":[{"href":"https:\/\/mysmileadvise.com\/sv\/wp-json\/wp\/v2\/types\/page"}],"author":[{"embeddable":true,"href":"https:\/\/mysmileadvise.com\/sv\/wp-json\/wp\/v2\/users\/1"}],"replies":[{"embeddable":true,"href":"https:\/\/mysmileadvise.com\/sv\/wp-json\/wp\/v2\/comments?post=29058"}],"version-history":[{"count":30,"href":"https:\/\/mysmileadvise.com\/sv\/wp-json\/wp\/v2\/pages\/29058\/revisions"}],"predecessor-version":[{"id":30275,"href":"https:\/\/mysmileadvise.com\/sv\/wp-json\/wp\/v2\/pages\/29058\/revisions\/30275"}],"wp:attachment":[{"href":"https:\/\/mysmileadvise.com\/sv\/wp-json\/wp\/v2\/media?parent=29058"}],"curies":[{"name":"wp","href":"https:\/\/api.w.org\/{rel}","templated":true}]}}